{"id":64,"date":"2023-12-18T19:09:53","date_gmt":"2023-12-18T18:09:53","guid":{"rendered":"https:\/\/bmclink.wordpress.com\/?page_id=64"},"modified":"2025-01-07T18:41:43","modified_gmt":"2025-01-07T17:41:43","slug":"services-2","status":"publish","type":"page","link":"https:\/\/bmc-link.com\/?page_id=64","title":{"rendered":"Conseils"},"content":{"rendered":"\n<div class=\"wp-block-group alignwide has-global-padding is-layout-constrained wp-container-core-group-is-layout-a3c3a5f4 wp-block-group-is-layout-constrained\">\n<p class=\"has-large-font-size\"><strong>\u00ab\u00a0Si vous connaissez l&rsquo;ennemi et que vous vous connaissez vous-m\u00eame, eussiez-vous cent guerres \u00e0 mener cent fois vous serez victorieux. Si vous vous connaissez sans conna\u00eetre l&rsquo;ennemi, vos chances de perdre et de gagner seront \u00e9gales. Si vous ne connaissez ni l&rsquo;ennemi ni vous-m\u00eame, chaque combat sera votre d\u00e9faite.\u00a0\u00bb L&rsquo;art de la guerre de Sun Tzu.<\/strong><\/p>\n<\/div>\n\n\n\n<div class=\"wp-block-group alignfull has-global-padding is-layout-constrained wp-container-core-group-is-layout-f4110d2a wp-block-group-is-layout-constrained\" style=\"margin-top:var(--wp--preset--spacing--70);margin-bottom:var(--wp--preset--spacing--70);padding-right:var(--wp--preset--spacing--50);padding-left:var(--wp--preset--spacing--50)\">\n<div class=\"wp-block-columns alignwide is-layout-flex wp-container-core-columns-is-layout-28f84493 wp-block-columns-is-layout-flex\">\n<div class=\"wp-block-column is-layout-flow wp-block-column-is-layout-flow\">\n<h2 class=\"wp-block-heading\">Conseils<\/h2>\n<\/div>\n\n\n\n<div class=\"wp-block-column is-layout-flow wp-block-column-is-layout-flow\">\n<div class=\"wp-block-group is-vertical is-layout-flex wp-container-core-group-is-layout-08357bdb wp-block-group-is-layout-flex\" style=\"border-bottom-color:#11181f26;border-bottom-width:1px;padding-bottom:var(--wp--preset--spacing--50)\">\n<h3 class=\"wp-block-heading\">Il faut mettre en avant l&rsquo;importance cruciale de la connaissance &#8211; \u00e0 la fois de son propre camp et de celui de l&rsquo;ennemi &#8211; pour remporter des victoires militaires.<\/h3>\n<\/div>\n\n\n\n<div class=\"wp-block-group is-vertical is-layout-flex wp-container-core-group-is-layout-08357bdb wp-block-group-is-layout-flex\" style=\"border-bottom-color:#11181f26;border-bottom-width:1px;padding-bottom:var(--wp--preset--spacing--50)\">\n<p>Si un g\u00e9n\u00e9ral connait parfaitement les forces, faiblesses, tactiques et strat\u00e9gies \u00e0 la fois de son arm\u00e9e et de l&rsquo;arm\u00e9e adverse, il sera assur\u00e9 de gagner toutes les batailles auxquelles il prendra part, m\u00eame avec un d\u00e9savantage num\u00e9rique. Cette connaissance approfondie lui permet d&rsquo;adapter constamment ses plans et mouvements en fonction de l&rsquo;\u00e9volution de la situation.<\/p>\n\n\n\n<p>En revanche, si le g\u00e9n\u00e9ral ne conna\u00eet que son propre camp, ne prendre en compte que ses propres capacit\u00e9s sans analyser celles de l&rsquo;ennemi m\u00e8nera \u00e0 une chance \u00e9gale de gagner ou perdre au combat. Sans connaissance de l&rsquo;adversaire, il ne peut pas anticiper ses actions ni pr\u00e9parer une strat\u00e9gie efficace.<\/p>\n<\/div>\n\n\n\n<div class=\"wp-block-group is-vertical is-layout-flex wp-container-core-group-is-layout-08357bdb wp-block-group-is-layout-flex\" style=\"border-bottom-color:#11181f26;border-bottom-width:1px;padding-bottom:var(--wp--preset--spacing--50)\">\n<h3 class=\"wp-block-heading\">Finalement, un g\u00e9n\u00e9ral qui fait preuve \u00e0 la fois d&rsquo;ignorance sur ses troupes et sur l&rsquo;arm\u00e9e ennemie s&rsquo;expose \u00e0 une d\u00e9faite certaine \u00e0 chaque bataille, n&rsquo;\u00e9tant pas en mesure de tirer avantage des points forts de son camp ni de contrer les tactiques de l&rsquo;adversaire.<\/h3>\n<\/div>\n\n\n\n<ul class=\"wp-block-list\">\n<li>Suivre en continu l&rsquo;\u00e9volution de l&rsquo;environnement<\/li>\n\n\n\n<li>Evaluer r\u00e9guli\u00e8rement la performance de la strat\u00e9gie<\/li>\n\n\n\n<li>Identifier les \u00e9carts et les ajustements n\u00e9cessaires<\/li>\n\n\n\n<li>Actualiser la strat\u00e9gie et garantir son alignement aux enjeux<\/li>\n<\/ul>\n\n\n\n<div class=\"wp-block-group is-vertical is-layout-flex wp-container-core-group-is-layout-08357bdb wp-block-group-is-layout-flex\" style=\"border-bottom-color:#11181f26;border-bottom-width:1px;padding-bottom:var(--wp--preset--spacing--50)\">\n<h3 class=\"wp-block-heading\"><\/h3>\n\n\n\n<p>Ainsi il faut souligner l&rsquo;importance cruciale du renseignement, de l&rsquo;analyse strat\u00e9gique et de la connaissance de soi comme de l&rsquo;autre pour sortir victorieux du champ de bataille. Cette maxime s&rsquo;applique toujours aux conflits modernes.<\/p>\n<\/div>\n<\/div>\n<\/div>\n<\/div>\n\n\n\n<div class=\"wp-block-group alignwide has-global-padding is-layout-constrained wp-block-group-is-layout-constrained\">\n<h2 class=\"wp-block-heading alignwide\" style=\"font-size:clamp(28.836px, 1.802rem + ((1vw - 3.2px) * 2.205), 50px);\">\u00c9tudes de cas<\/h2>\n\n\n\n<div class=\"wp-block-columns alignwide is-layout-flex wp-container-core-columns-is-layout-28f84493 wp-block-columns-is-layout-flex\">\n<div class=\"wp-block-column is-layout-flow wp-block-column-is-layout-flow\">\n<figure class=\"wp-block-image size-large\"><img loading=\"lazy\" decoding=\"async\" width=\"768\" height=\"1024\" src=\"https:\/\/bmc-link.com\/wp-content\/uploads\/2024\/11\/img_3852-768x1024.jpeg\" alt=\"\" class=\"wp-image-220\" srcset=\"https:\/\/bmc-link.com\/wp-content\/uploads\/2024\/11\/img_3852-768x1024.jpeg 768w, https:\/\/bmc-link.com\/wp-content\/uploads\/2024\/11\/img_3852-225x300.jpeg 225w, https:\/\/bmc-link.com\/wp-content\/uploads\/2024\/11\/img_3852-1152x1536.jpeg 1152w, https:\/\/bmc-link.com\/wp-content\/uploads\/2024\/11\/img_3852-1536x2048.jpeg 1536w, https:\/\/bmc-link.com\/wp-content\/uploads\/2024\/11\/img_3852-scaled.jpeg 1920w\" sizes=\"auto, (max-width: 768px) 100vw, 768px\" \/><\/figure>\n\n\n\n<p><strong><a href=\"#\">Turning Vision into Reality<\/a><\/strong><\/p>\n<\/div>\n\n\n\n<div class=\"wp-block-column is-layout-flow wp-block-column-is-layout-flow\">\n<figure class=\"wp-block-image size-large\"><img loading=\"lazy\" decoding=\"async\" width=\"768\" height=\"1024\" src=\"https:\/\/bmc-link.com\/wp-content\/uploads\/2024\/11\/img_8687-768x1024.jpeg\" alt=\"\" class=\"wp-image-198\" srcset=\"https:\/\/bmc-link.com\/wp-content\/uploads\/2024\/11\/img_8687-768x1024.jpeg 768w, https:\/\/bmc-link.com\/wp-content\/uploads\/2024\/11\/img_8687-225x300.jpeg 225w, https:\/\/bmc-link.com\/wp-content\/uploads\/2024\/11\/img_8687-1152x1536.jpeg 1152w, https:\/\/bmc-link.com\/wp-content\/uploads\/2024\/11\/img_8687-1536x2048.jpeg 1536w, https:\/\/bmc-link.com\/wp-content\/uploads\/2024\/11\/img_8687-scaled.jpeg 1920w\" sizes=\"auto, (max-width: 768px) 100vw, 768px\" \/><\/figure>\n\n\n\n<p><strong><a href=\"#\">Driving Efficiency and Savings<\/a><\/strong><\/p>\n<\/div>\n<\/div>\n\n\n\n<div style=\"height:100px\" aria-hidden=\"true\" class=\"wp-block-spacer\"><\/div>\n<\/div>\n","protected":false},"excerpt":{"rendered":"<p>\u00ab\u00a0Si vous connaissez l&rsquo;ennemi et que vous vous connaissez vous-m\u00eame, eussiez-vous cent guerres \u00e0 mener cent fois vous serez victorieux. Si vous vous connaissez sans conna\u00eetre l&rsquo;ennemi, vos chances de perdre et de gagner seront \u00e9gales. Si vous ne connaissez ni l&rsquo;ennemi ni vous-m\u00eame, chaque combat sera votre d\u00e9faite.\u00a0\u00bb L&rsquo;art de la guerre de Sun [&hellip;]<\/p>\n","protected":false},"author":1,"featured_media":0,"parent":0,"menu_order":7,"comment_status":"closed","ping_status":"closed","template":"","meta":{"footnotes":""},"class_list":["post-64","page","type-page","status-publish","hentry"],"yoast_head":"<!-- This site is optimized with the Yoast SEO plugin v23.8 - https:\/\/yoast.com\/wordpress\/plugins\/seo\/ -->\n<title>Conseils - bmc-link.com<\/title>\n<meta name=\"robots\" content=\"index, follow, max-snippet:-1, max-image-preview:large, max-video-preview:-1\" \/>\n<link rel=\"canonical\" href=\"https:\/\/bmc-link.com\/?page_id=64\" \/>\n<meta property=\"og:locale\" content=\"fr_FR\" \/>\n<meta property=\"og:type\" content=\"article\" \/>\n<meta property=\"og:title\" content=\"Conseils - bmc-link.com\" \/>\n<meta property=\"og:description\" content=\"\u00ab\u00a0Si vous connaissez l&rsquo;ennemi et que vous vous connaissez vous-m\u00eame, eussiez-vous cent guerres \u00e0 mener cent fois vous serez victorieux. Si vous vous connaissez sans conna\u00eetre l&rsquo;ennemi, vos chances de perdre et de gagner seront \u00e9gales. Si vous ne connaissez ni l&rsquo;ennemi ni vous-m\u00eame, chaque combat sera votre d\u00e9faite.\u00a0\u00bb L&rsquo;art de la guerre de Sun [&hellip;]\" \/>\n<meta property=\"og:url\" content=\"https:\/\/bmc-link.com\/?page_id=64\" \/>\n<meta property=\"og:site_name\" content=\"bmc-link.com\" \/>\n<meta property=\"article:modified_time\" content=\"2025-01-07T17:41:43+00:00\" \/>\n<meta property=\"og:image\" content=\"https:\/\/bmc-link.com\/wp-content\/uploads\/2024\/11\/img_3852-scaled.jpeg\" \/>\n\t<meta property=\"og:image:width\" content=\"1920\" \/>\n\t<meta property=\"og:image:height\" content=\"2560\" \/>\n\t<meta property=\"og:image:type\" content=\"image\/jpeg\" \/>\n<meta name=\"twitter:card\" content=\"summary_large_image\" \/>\n<script type=\"application\/ld+json\" class=\"yoast-schema-graph\">{\"@context\":\"https:\/\/schema.org\",\"@graph\":[{\"@type\":\"WebPage\",\"@id\":\"https:\/\/bmc-link.com\/?page_id=64\",\"url\":\"https:\/\/bmc-link.com\/?page_id=64\",\"name\":\"Conseils - bmc-link.com\",\"isPartOf\":{\"@id\":\"https:\/\/bmc-link.com\/#website\"},\"primaryImageOfPage\":{\"@id\":\"https:\/\/bmc-link.com\/?page_id=64#primaryimage\"},\"image\":{\"@id\":\"https:\/\/bmc-link.com\/?page_id=64#primaryimage\"},\"thumbnailUrl\":\"https:\/\/bmc-link.com\/wp-content\/uploads\/2024\/11\/img_3852-768x1024.jpeg\",\"datePublished\":\"2023-12-18T18:09:53+00:00\",\"dateModified\":\"2025-01-07T17:41:43+00:00\",\"breadcrumb\":{\"@id\":\"https:\/\/bmc-link.com\/?page_id=64#breadcrumb\"},\"inLanguage\":\"fr-FR\",\"potentialAction\":[{\"@type\":\"ReadAction\",\"target\":[\"https:\/\/bmc-link.com\/?page_id=64\"]}]},{\"@type\":\"ImageObject\",\"inLanguage\":\"fr-FR\",\"@id\":\"https:\/\/bmc-link.com\/?page_id=64#primaryimage\",\"url\":\"https:\/\/bmc-link.com\/wp-content\/uploads\/2024\/11\/img_3852-scaled.jpeg\",\"contentUrl\":\"https:\/\/bmc-link.com\/wp-content\/uploads\/2024\/11\/img_3852-scaled.jpeg\",\"width\":1920,\"height\":2560},{\"@type\":\"BreadcrumbList\",\"@id\":\"https:\/\/bmc-link.com\/?page_id=64#breadcrumb\",\"itemListElement\":[{\"@type\":\"ListItem\",\"position\":1,\"name\":\"Accueil\",\"item\":\"https:\/\/bmc-link.com\/\"},{\"@type\":\"ListItem\",\"position\":2,\"name\":\"Conseils\"}]},{\"@type\":\"WebSite\",\"@id\":\"https:\/\/bmc-link.com\/#website\",\"url\":\"https:\/\/bmc-link.com\/\",\"name\":\"bmc-link.com\",\"description\":\"\",\"publisher\":{\"@id\":\"https:\/\/bmc-link.com\/#organization\"},\"potentialAction\":[{\"@type\":\"SearchAction\",\"target\":{\"@type\":\"EntryPoint\",\"urlTemplate\":\"https:\/\/bmc-link.com\/?s={search_term_string}\"},\"query-input\":{\"@type\":\"PropertyValueSpecification\",\"valueRequired\":true,\"valueName\":\"search_term_string\"}}],\"inLanguage\":\"fr-FR\"},{\"@type\":\"Organization\",\"@id\":\"https:\/\/bmc-link.com\/#organization\",\"name\":\"bmc-link.com\",\"url\":\"https:\/\/bmc-link.com\/\",\"logo\":{\"@type\":\"ImageObject\",\"inLanguage\":\"fr-FR\",\"@id\":\"https:\/\/bmc-link.com\/#\/schema\/logo\/image\/\",\"url\":\"https:\/\/bmc-link.com\/wp-content\/uploads\/2024\/11\/logo.bmc_.couleur77.png\",\"contentUrl\":\"https:\/\/bmc-link.com\/wp-content\/uploads\/2024\/11\/logo.bmc_.couleur77.png\",\"width\":2045,\"height\":3431,\"caption\":\"bmc-link.com\"},\"image\":{\"@id\":\"https:\/\/bmc-link.com\/#\/schema\/logo\/image\/\"}}]}<\/script>\n<!-- \/ Yoast SEO plugin. -->","yoast_head_json":{"title":"Conseils - bmc-link.com","robots":{"index":"index","follow":"follow","max-snippet":"max-snippet:-1","max-image-preview":"max-image-preview:large","max-video-preview":"max-video-preview:-1"},"canonical":"https:\/\/bmc-link.com\/?page_id=64","og_locale":"fr_FR","og_type":"article","og_title":"Conseils - bmc-link.com","og_description":"\u00ab\u00a0Si vous connaissez l&rsquo;ennemi et que vous vous connaissez vous-m\u00eame, eussiez-vous cent guerres \u00e0 mener cent fois vous serez victorieux. Si vous vous connaissez sans conna\u00eetre l&rsquo;ennemi, vos chances de perdre et de gagner seront \u00e9gales. Si vous ne connaissez ni l&rsquo;ennemi ni vous-m\u00eame, chaque combat sera votre d\u00e9faite.\u00a0\u00bb L&rsquo;art de la guerre de Sun [&hellip;]","og_url":"https:\/\/bmc-link.com\/?page_id=64","og_site_name":"bmc-link.com","article_modified_time":"2025-01-07T17:41:43+00:00","og_image":[{"width":1920,"height":2560,"url":"https:\/\/bmc-link.com\/wp-content\/uploads\/2024\/11\/img_3852-scaled.jpeg","type":"image\/jpeg"}],"twitter_card":"summary_large_image","schema":{"@context":"https:\/\/schema.org","@graph":[{"@type":"WebPage","@id":"https:\/\/bmc-link.com\/?page_id=64","url":"https:\/\/bmc-link.com\/?page_id=64","name":"Conseils - bmc-link.com","isPartOf":{"@id":"https:\/\/bmc-link.com\/#website"},"primaryImageOfPage":{"@id":"https:\/\/bmc-link.com\/?page_id=64#primaryimage"},"image":{"@id":"https:\/\/bmc-link.com\/?page_id=64#primaryimage"},"thumbnailUrl":"https:\/\/bmc-link.com\/wp-content\/uploads\/2024\/11\/img_3852-768x1024.jpeg","datePublished":"2023-12-18T18:09:53+00:00","dateModified":"2025-01-07T17:41:43+00:00","breadcrumb":{"@id":"https:\/\/bmc-link.com\/?page_id=64#breadcrumb"},"inLanguage":"fr-FR","potentialAction":[{"@type":"ReadAction","target":["https:\/\/bmc-link.com\/?page_id=64"]}]},{"@type":"ImageObject","inLanguage":"fr-FR","@id":"https:\/\/bmc-link.com\/?page_id=64#primaryimage","url":"https:\/\/bmc-link.com\/wp-content\/uploads\/2024\/11\/img_3852-scaled.jpeg","contentUrl":"https:\/\/bmc-link.com\/wp-content\/uploads\/2024\/11\/img_3852-scaled.jpeg","width":1920,"height":2560},{"@type":"BreadcrumbList","@id":"https:\/\/bmc-link.com\/?page_id=64#breadcrumb","itemListElement":[{"@type":"ListItem","position":1,"name":"Accueil","item":"https:\/\/bmc-link.com\/"},{"@type":"ListItem","position":2,"name":"Conseils"}]},{"@type":"WebSite","@id":"https:\/\/bmc-link.com\/#website","url":"https:\/\/bmc-link.com\/","name":"bmc-link.com","description":"","publisher":{"@id":"https:\/\/bmc-link.com\/#organization"},"potentialAction":[{"@type":"SearchAction","target":{"@type":"EntryPoint","urlTemplate":"https:\/\/bmc-link.com\/?s={search_term_string}"},"query-input":{"@type":"PropertyValueSpecification","valueRequired":true,"valueName":"search_term_string"}}],"inLanguage":"fr-FR"},{"@type":"Organization","@id":"https:\/\/bmc-link.com\/#organization","name":"bmc-link.com","url":"https:\/\/bmc-link.com\/","logo":{"@type":"ImageObject","inLanguage":"fr-FR","@id":"https:\/\/bmc-link.com\/#\/schema\/logo\/image\/","url":"https:\/\/bmc-link.com\/wp-content\/uploads\/2024\/11\/logo.bmc_.couleur77.png","contentUrl":"https:\/\/bmc-link.com\/wp-content\/uploads\/2024\/11\/logo.bmc_.couleur77.png","width":2045,"height":3431,"caption":"bmc-link.com"},"image":{"@id":"https:\/\/bmc-link.com\/#\/schema\/logo\/image\/"}}]}},"_links":{"self":[{"href":"https:\/\/bmc-link.com\/index.php?rest_route=\/wp\/v2\/pages\/64","targetHints":{"allow":["GET"]}}],"collection":[{"href":"https:\/\/bmc-link.com\/index.php?rest_route=\/wp\/v2\/pages"}],"about":[{"href":"https:\/\/bmc-link.com\/index.php?rest_route=\/wp\/v2\/types\/page"}],"author":[{"embeddable":true,"href":"https:\/\/bmc-link.com\/index.php?rest_route=\/wp\/v2\/users\/1"}],"replies":[{"embeddable":true,"href":"https:\/\/bmc-link.com\/index.php?rest_route=%2Fwp%2Fv2%2Fcomments&post=64"}],"version-history":[{"count":3,"href":"https:\/\/bmc-link.com\/index.php?rest_route=\/wp\/v2\/pages\/64\/revisions"}],"predecessor-version":[{"id":295,"href":"https:\/\/bmc-link.com\/index.php?rest_route=\/wp\/v2\/pages\/64\/revisions\/295"}],"wp:attachment":[{"href":"https:\/\/bmc-link.com\/index.php?rest_route=%2Fwp%2Fv2%2Fmedia&parent=64"}],"curies":[{"name":"wp","href":"https:\/\/api.w.org\/{rel}","templated":true}]}}