{"id":57,"date":"2023-12-30T12:28:01","date_gmt":"2023-12-30T11:28:01","guid":{"rendered":"https:\/\/bmclink.wordpress.com\/?page_id=57"},"modified":"2025-01-07T18:47:01","modified_gmt":"2025-01-07T17:47:01","slug":"apporteur-daffaires","status":"publish","type":"page","link":"https:\/\/bmc-link.com\/?page_id=57","title":{"rendered":"1\/ Apporteur d&rsquo;affaires"},"content":{"rendered":"\n\n\n<p>L&rsquo;id\u00e9e principale mise en avant est le pouvoir de la collaboration pour aller plus loin que ce que l&rsquo;on peut accomplir individuellement.<\/p>\n\n\n\n<p>\u00ab\u00a0Seuls nous allons vite\u00a0\u00bb souligne le fait que l&rsquo;on peut avancer rapidement sur certains objectifs ou projets lorsqu&rsquo;on travaille seul, sans avoir \u00e0 se soucier des contraintes ou des avis des autres. L&rsquo;autonomie permet une certaine agilit\u00e9.<\/p>\n\n\n\n<p>Cependant, cette citation met en garde contre les limites du travail purement solitaire sur le long terme, en rappelant que \u00ab\u00a0ensemble nous allons plus loin\u00a0\u00bb. Le travail collaboratif, la mutualisation des comp\u00e9tences et des points de vue permettent d&rsquo;avoir une vision plus globale, plus riche et plus p\u00e9renne.<\/p>\n\n\n\n<p>Ainsi, m\u00eame si l&rsquo;individualisme et l&rsquo;autonomie pr\u00e9sentent des avantages \u00e0 court terme, cette maxime souligne que c&rsquo;est l<strong>a coop\u00e9ration, la collaboration au sein d&rsquo;une \u00e9quipe qui permet r\u00e9ellement de r\u00e9aliser des projets ambitieux <\/strong>et repousser les limites de ce qui est possible.<\/p>\n\n\n\n<p>On peut rapprocher cette id\u00e9e  \u00ab\u00a0E pluribus unum\u00a0\u00bb (De la pluralit\u00e9 na\u00eet l&rsquo;unit\u00e9) qui met aussi en avant la synergie de la collaboration. Ensemble, en alliant nos forces, nous sommes plus forts.<\/p>\n\n\n\n<p>Avec l&rsquo;id\u00e9e que la diversit\u00e9 et la vari\u00e9t\u00e9 des individus, des opinions et des groupes au sein d&rsquo;une collectivit\u00e9 permet d&rsquo;atteindre une unit\u00e9 et une coh\u00e9sion plus forte \u00e0 l&rsquo;\u00e9chelle de cette collectivit\u00e9.<\/p>\n\n\n\n<p>\u00ab\u00a0La pluralit\u00e9\u00a0\u00bb fait r\u00e9f\u00e9rence \u00e0 la multitude des diff\u00e9rences qui peuvent exister au sein d&rsquo;un ensemble plus grand : diff\u00e9rences de culture, d&rsquo;origine, de condition sociale, de convictions politiques ou religieuses, chacun apportera sa singularit\u00e9 propre.<\/p>\n\n\n\n<p>\u00ab\u00a0Na\u00eet l&rsquo;unit\u00e9\u00a0\u00bb indique que de ce foisonnement de pluralit\u00e9 peut \u00e9merger une unit\u00e9, un tout coh\u00e9rent et uni, quand ces individualit\u00e9s s&rsquo;assemblent dans un projet, des valeurs ou des int\u00e9r\u00eats communs qui les rassemblent.<\/p>\n\n\n\n<p>Ainsi, loin de consid\u00e9rer la diversit\u00e9 comme un obstacle \u00e0 l&rsquo;unit\u00e9, cette devise souligne que c&rsquo;est pr\u00e9cis\u00e9ment de la richesse des diff\u00e9rences et la collaboration de cette pluralit\u00e9 d&rsquo;acteurs que peut se construire une unit\u00e9 solide et harmonieuse \u00e0 plus grande \u00e9chelle (au niveau d&rsquo;une nation par exemple).<\/p>\n\n\n\n<p>On retrouve cette conception du r\u00f4le positif de la diversit\u00e9 comme socle d&rsquo;une unit\u00e9 plus forte dans la devise europ\u00e9enne \u00ab\u00a0Unie dans la diversit\u00e9\u00a0\u00bb. La pluralit\u00e9 constitue une force quand elle s&rsquo;inscrit dans un projet commun f\u00e9d\u00e9rateur.<\/p>\n\n\n\n<p>L\u2019appel \u00e0 un\u00a0apporteur d&rsquo;affaires permet de booster vos activit\u00e9s \u00e0 long terme, ou peut \u00eatre utilis\u00e9 pour un besoin ponctuel pour mener \u00e0 bien une strat\u00e9gie commerciale. Un\u00a0<strong>apporteur d\u2019affaires<\/strong>\u00a0vous assurera le r\u00f4le d\u2019entremetteur (interm\u00e9diaire) permettant \u00e0 deux parties d\u2019effectuer des op\u00e9rations commerciales entre elles. La finalit\u00e9 de\u00a0<strong>l\u2019apport d\u2019affaires<\/strong>\u00a0s\u2019inscrit dans la\u00a0<strong>mise en relation de personnes susceptibles de contracter entre elles<\/strong>.<\/p>\n\n\n\n<p>La valeur ajout\u00e9e de l&rsquo;apporteur d&rsquo;affaires r\u00e9side dans sa capacit\u00e9 \u00e0 identifier des prospects, entreprises ou investisseurs susceptibles d&rsquo;\u00eatre int\u00e9ress\u00e9s et compatibles, et \u00e0 favoriser les conditions pour que ces prospects se rencontrent et que l&rsquo;\u00e9tincelle d&rsquo;un accord fructueux se produise entre eux.<\/p>\n\n\n\n<p>L\u2019apport d\u2019affaires consiste ainsi essentiellement \u00e0 rapprocher des personnes ou des entreprises partageant des besoins ou des objectifs compl\u00e9mentaires afin de leur permettre de collaborer ou de commercer ensemble.<\/p>\n","protected":false},"excerpt":{"rendered":"<p>L&rsquo;id\u00e9e principale mise en avant est le pouvoir de la collaboration pour aller plus loin que ce que l&rsquo;on peut accomplir individuellement. \u00ab\u00a0Seuls nous allons vite\u00a0\u00bb souligne le fait que l&rsquo;on peut avancer rapidement sur certains objectifs ou projets lorsqu&rsquo;on travaille seul, sans avoir \u00e0 se soucier des contraintes ou des avis des autres. L&rsquo;autonomie [&hellip;]<\/p>\n","protected":false},"author":1,"featured_media":0,"parent":0,"menu_order":9,"comment_status":"closed","ping_status":"closed","template":"","meta":{"footnotes":""},"class_list":["post-57","page","type-page","status-publish","hentry"],"yoast_head":"<!-- This site is optimized with the Yoast SEO plugin v23.8 - https:\/\/yoast.com\/wordpress\/plugins\/seo\/ -->\n<title>1\/ Apporteur d&#039;affaires - bmc-link.com<\/title>\n<meta name=\"robots\" content=\"index, follow, max-snippet:-1, max-image-preview:large, max-video-preview:-1\" \/>\n<link rel=\"canonical\" href=\"https:\/\/bmc-link.com\/?page_id=57\" \/>\n<meta property=\"og:locale\" content=\"fr_FR\" \/>\n<meta property=\"og:type\" content=\"article\" \/>\n<meta property=\"og:title\" content=\"1\/ Apporteur d&#039;affaires - bmc-link.com\" \/>\n<meta property=\"og:description\" content=\"L&rsquo;id\u00e9e principale mise en avant est le pouvoir de la collaboration pour aller plus loin que ce que l&rsquo;on peut accomplir individuellement. \u00ab\u00a0Seuls nous allons vite\u00a0\u00bb souligne le fait que l&rsquo;on peut avancer rapidement sur certains objectifs ou projets lorsqu&rsquo;on travaille seul, sans avoir \u00e0 se soucier des contraintes ou des avis des autres. L&rsquo;autonomie [&hellip;]\" \/>\n<meta property=\"og:url\" content=\"https:\/\/bmc-link.com\/?page_id=57\" \/>\n<meta property=\"og:site_name\" content=\"bmc-link.com\" \/>\n<meta property=\"article:modified_time\" content=\"2025-01-07T17:47:01+00:00\" \/>\n<meta name=\"twitter:card\" content=\"summary_large_image\" \/>\n<meta name=\"twitter:label1\" content=\"Dur\u00e9e de lecture estim\u00e9e\" \/>\n\t<meta name=\"twitter:data1\" content=\"3 minutes\" \/>\n<script type=\"application\/ld+json\" class=\"yoast-schema-graph\">{\"@context\":\"https:\/\/schema.org\",\"@graph\":[{\"@type\":\"WebPage\",\"@id\":\"https:\/\/bmc-link.com\/?page_id=57\",\"url\":\"https:\/\/bmc-link.com\/?page_id=57\",\"name\":\"1\/ Apporteur d'affaires - bmc-link.com\",\"isPartOf\":{\"@id\":\"https:\/\/bmc-link.com\/#website\"},\"datePublished\":\"2023-12-30T11:28:01+00:00\",\"dateModified\":\"2025-01-07T17:47:01+00:00\",\"breadcrumb\":{\"@id\":\"https:\/\/bmc-link.com\/?page_id=57#breadcrumb\"},\"inLanguage\":\"fr-FR\",\"potentialAction\":[{\"@type\":\"ReadAction\",\"target\":[\"https:\/\/bmc-link.com\/?page_id=57\"]}]},{\"@type\":\"BreadcrumbList\",\"@id\":\"https:\/\/bmc-link.com\/?page_id=57#breadcrumb\",\"itemListElement\":[{\"@type\":\"ListItem\",\"position\":1,\"name\":\"Accueil\",\"item\":\"https:\/\/bmc-link.com\/\"},{\"@type\":\"ListItem\",\"position\":2,\"name\":\"1\/ Apporteur d&rsquo;affaires\"}]},{\"@type\":\"WebSite\",\"@id\":\"https:\/\/bmc-link.com\/#website\",\"url\":\"https:\/\/bmc-link.com\/\",\"name\":\"bmc-link.com\",\"description\":\"\",\"publisher\":{\"@id\":\"https:\/\/bmc-link.com\/#organization\"},\"potentialAction\":[{\"@type\":\"SearchAction\",\"target\":{\"@type\":\"EntryPoint\",\"urlTemplate\":\"https:\/\/bmc-link.com\/?s={search_term_string}\"},\"query-input\":{\"@type\":\"PropertyValueSpecification\",\"valueRequired\":true,\"valueName\":\"search_term_string\"}}],\"inLanguage\":\"fr-FR\"},{\"@type\":\"Organization\",\"@id\":\"https:\/\/bmc-link.com\/#organization\",\"name\":\"bmc-link.com\",\"url\":\"https:\/\/bmc-link.com\/\",\"logo\":{\"@type\":\"ImageObject\",\"inLanguage\":\"fr-FR\",\"@id\":\"https:\/\/bmc-link.com\/#\/schema\/logo\/image\/\",\"url\":\"https:\/\/bmc-link.com\/wp-content\/uploads\/2024\/11\/logo.bmc_.couleur77.png\",\"contentUrl\":\"https:\/\/bmc-link.com\/wp-content\/uploads\/2024\/11\/logo.bmc_.couleur77.png\",\"width\":2045,\"height\":3431,\"caption\":\"bmc-link.com\"},\"image\":{\"@id\":\"https:\/\/bmc-link.com\/#\/schema\/logo\/image\/\"}}]}<\/script>\n<!-- \/ Yoast SEO plugin. -->","yoast_head_json":{"title":"1\/ Apporteur d'affaires - bmc-link.com","robots":{"index":"index","follow":"follow","max-snippet":"max-snippet:-1","max-image-preview":"max-image-preview:large","max-video-preview":"max-video-preview:-1"},"canonical":"https:\/\/bmc-link.com\/?page_id=57","og_locale":"fr_FR","og_type":"article","og_title":"1\/ Apporteur d'affaires - bmc-link.com","og_description":"L&rsquo;id\u00e9e principale mise en avant est le pouvoir de la collaboration pour aller plus loin que ce que l&rsquo;on peut accomplir individuellement. \u00ab\u00a0Seuls nous allons vite\u00a0\u00bb souligne le fait que l&rsquo;on peut avancer rapidement sur certains objectifs ou projets lorsqu&rsquo;on travaille seul, sans avoir \u00e0 se soucier des contraintes ou des avis des autres. L&rsquo;autonomie [&hellip;]","og_url":"https:\/\/bmc-link.com\/?page_id=57","og_site_name":"bmc-link.com","article_modified_time":"2025-01-07T17:47:01+00:00","twitter_card":"summary_large_image","twitter_misc":{"Dur\u00e9e de lecture estim\u00e9e":"3 minutes"},"schema":{"@context":"https:\/\/schema.org","@graph":[{"@type":"WebPage","@id":"https:\/\/bmc-link.com\/?page_id=57","url":"https:\/\/bmc-link.com\/?page_id=57","name":"1\/ Apporteur d'affaires - bmc-link.com","isPartOf":{"@id":"https:\/\/bmc-link.com\/#website"},"datePublished":"2023-12-30T11:28:01+00:00","dateModified":"2025-01-07T17:47:01+00:00","breadcrumb":{"@id":"https:\/\/bmc-link.com\/?page_id=57#breadcrumb"},"inLanguage":"fr-FR","potentialAction":[{"@type":"ReadAction","target":["https:\/\/bmc-link.com\/?page_id=57"]}]},{"@type":"BreadcrumbList","@id":"https:\/\/bmc-link.com\/?page_id=57#breadcrumb","itemListElement":[{"@type":"ListItem","position":1,"name":"Accueil","item":"https:\/\/bmc-link.com\/"},{"@type":"ListItem","position":2,"name":"1\/ Apporteur d&rsquo;affaires"}]},{"@type":"WebSite","@id":"https:\/\/bmc-link.com\/#website","url":"https:\/\/bmc-link.com\/","name":"bmc-link.com","description":"","publisher":{"@id":"https:\/\/bmc-link.com\/#organization"},"potentialAction":[{"@type":"SearchAction","target":{"@type":"EntryPoint","urlTemplate":"https:\/\/bmc-link.com\/?s={search_term_string}"},"query-input":{"@type":"PropertyValueSpecification","valueRequired":true,"valueName":"search_term_string"}}],"inLanguage":"fr-FR"},{"@type":"Organization","@id":"https:\/\/bmc-link.com\/#organization","name":"bmc-link.com","url":"https:\/\/bmc-link.com\/","logo":{"@type":"ImageObject","inLanguage":"fr-FR","@id":"https:\/\/bmc-link.com\/#\/schema\/logo\/image\/","url":"https:\/\/bmc-link.com\/wp-content\/uploads\/2024\/11\/logo.bmc_.couleur77.png","contentUrl":"https:\/\/bmc-link.com\/wp-content\/uploads\/2024\/11\/logo.bmc_.couleur77.png","width":2045,"height":3431,"caption":"bmc-link.com"},"image":{"@id":"https:\/\/bmc-link.com\/#\/schema\/logo\/image\/"}}]}},"_links":{"self":[{"href":"https:\/\/bmc-link.com\/index.php?rest_route=\/wp\/v2\/pages\/57","targetHints":{"allow":["GET"]}}],"collection":[{"href":"https:\/\/bmc-link.com\/index.php?rest_route=\/wp\/v2\/pages"}],"about":[{"href":"https:\/\/bmc-link.com\/index.php?rest_route=\/wp\/v2\/types\/page"}],"author":[{"embeddable":true,"href":"https:\/\/bmc-link.com\/index.php?rest_route=\/wp\/v2\/users\/1"}],"replies":[{"embeddable":true,"href":"https:\/\/bmc-link.com\/index.php?rest_route=%2Fwp%2Fv2%2Fcomments&post=57"}],"version-history":[{"count":2,"href":"https:\/\/bmc-link.com\/index.php?rest_route=\/wp\/v2\/pages\/57\/revisions"}],"predecessor-version":[{"id":290,"href":"https:\/\/bmc-link.com\/index.php?rest_route=\/wp\/v2\/pages\/57\/revisions\/290"}],"wp:attachment":[{"href":"https:\/\/bmc-link.com\/index.php?rest_route=%2Fwp%2Fv2%2Fmedia&parent=57"}],"curies":[{"name":"wp","href":"https:\/\/api.w.org\/{rel}","templated":true}]}}