{"id":52,"date":"2023-12-30T12:28:22","date_gmt":"2023-12-30T11:28:22","guid":{"rendered":"https:\/\/bmclink.wordpress.com\/?page_id=52"},"modified":"2024-11-04T16:37:24","modified_gmt":"2024-11-04T15:37:24","slug":"consultants","status":"publish","type":"page","link":"https:\/\/bmc-link.com\/?page_id=52","title":{"rendered":"Consultants"},"content":{"rendered":"\n<p>Les principales responsabilit\u00e9s d&rsquo;un consultant comprennent la fourniture de conseils strat\u00e9giques, d&rsquo;une expertise sur mesure et d&rsquo;analyses pour aider \u00e0 r\u00e9soudre les probl\u00e8mes ou \u00e0 am\u00e9liorer les processus. Cela implique la r\u00e9alisation d&rsquo;analyses strat\u00e9giques, l&rsquo;offre de recommandations et la fourniture d&rsquo;une expertise personnalis\u00e9e pour r\u00e9pondre \u00e0 des besoins sp\u00e9cifiques. Les consultants recueillent et analysent \u00e9galement des donn\u00e9es, des tendances et des id\u00e9es pour faire des recommandations fond\u00e9es sur des donn\u00e9es probantes pour une meilleure prise de d\u00e9cision. En outre, les consultants peuvent agir en tant que courtiers d&rsquo;affaires, facilitant les opportunit\u00e9s commerciales potentielles en mettant les entreprises en contact avec les investisseurs et en comprenant leurs besoins pour identifier les perspectives align\u00e9es.<\/p>\n\n\n\n<p>S\u00e9curit\u00e9<\/p>\n\n\n\n<ul class=\"wp-block-list\">\n<li>Analyser les risques et menaces pour la s\u00e9curit\u00e9 des sites, des activit\u00e9s et du personnel<\/li>\n\n\n\n<li>Concevoir, recommander et superviser la mise en place de syst\u00e8mes de s\u00e9curit\u00e9 (contr\u00f4le d&rsquo;acc\u00e8s, cam\u00e9ras, etc.)<\/li>\n\n\n\n<li>D\u00e9finir et mettre \u00e0 jour des protocoles et proc\u00e9dures de s\u00e9curit\u00e9<\/li>\n\n\n\n<li>Former le personnel \u00e0 la s\u00e9curit\u00e9 et \u00e0 la gestion de crise<\/li>\n\n\n\n<li>Enqu\u00eater sur les incidents de s\u00e9curit\u00e9 et recommander des am\u00e9liorations<\/li>\n<\/ul>\n\n\n\n<p>S\u00fbret\u00e9<\/p>\n\n\n\n<ul class=\"wp-block-list\">\n<li>\u00c9valuer la conformit\u00e9 aux normes de sant\u00e9, s\u00e9curit\u00e9, environnement (HSE)<\/li>\n\n\n\n<li>Inspecter les installations pour identifier les risques et dangers<\/li>\n\n\n\n<li>Recommander des solutions pour \u00e9liminer ou contr\u00f4ler les risques<\/li>\n\n\n\n<li>Enqu\u00eater sur les incidents et accidents li\u00e9s \u00e0 la s\u00fbret\u00e9<\/li>\n\n\n\n<li>Conseiller sur la gestion du changement et l&rsquo;int\u00e9gration de la s\u00fbret\u00e9<\/li>\n<\/ul>\n\n\n\n<p>Logistique<\/p>\n\n\n\n<ul class=\"wp-block-list\">\n<li>Optimiser la cha\u00eene logistique pour une efficacit\u00e9 et une s\u00e9curit\u00e9 maximales<\/li>\n\n\n\n<li>Planifier et concevoir les flux et les infrastructures logistiques<\/li>\n\n\n\n<li>Mettre en place des syst\u00e8mes de gestion des stocks et d&rsquo;entreposage<\/li>\n\n\n\n<li>Auditer les op\u00e9rations logistiques et en identifier les faiblesses<\/li>\n\n\n\n<li>Formuler des recommandations pour am\u00e9liorer les op\u00e9rations logistiques<\/li>\n<\/ul>\n\n\n\n<p>En tant que consultant, son r\u00f4le est d&rsquo;auditer, d&rsquo;analyser, de conseiller et d&rsquo;apporter des solutions et son expertise pour minimiser les risques et optimaliser les op\u00e9rations de s\u00e9curit\u00e9, s\u00fbret\u00e9 et logistique.<\/p>\n","protected":false},"excerpt":{"rendered":"<p>Les principales responsabilit\u00e9s d&rsquo;un consultant comprennent la fourniture de conseils strat\u00e9giques, d&rsquo;une expertise sur mesure et d&rsquo;analyses pour aider \u00e0 r\u00e9soudre les probl\u00e8mes ou \u00e0 am\u00e9liorer les processus. Cela implique la r\u00e9alisation d&rsquo;analyses strat\u00e9giques, l&rsquo;offre de recommandations et la fourniture d&rsquo;une expertise personnalis\u00e9e pour r\u00e9pondre \u00e0 des besoins sp\u00e9cifiques. Les consultants recueillent et analysent \u00e9galement [&hellip;]<\/p>\n","protected":false},"author":1,"featured_media":0,"parent":0,"menu_order":6,"comment_status":"closed","ping_status":"closed","template":"","meta":{"footnotes":""},"class_list":["post-52","page","type-page","status-publish","hentry"],"yoast_head":"<!-- This site is optimized with the Yoast SEO plugin v23.8 - https:\/\/yoast.com\/wordpress\/plugins\/seo\/ -->\n<title>Consultants - bmc-link.com<\/title>\n<meta name=\"robots\" content=\"index, follow, max-snippet:-1, max-image-preview:large, max-video-preview:-1\" \/>\n<link rel=\"canonical\" href=\"https:\/\/bmc-link.com\/?page_id=52\" \/>\n<meta property=\"og:locale\" content=\"fr_FR\" \/>\n<meta property=\"og:type\" content=\"article\" \/>\n<meta property=\"og:title\" content=\"Consultants - bmc-link.com\" \/>\n<meta property=\"og:description\" content=\"Les principales responsabilit\u00e9s d&rsquo;un consultant comprennent la fourniture de conseils strat\u00e9giques, d&rsquo;une expertise sur mesure et d&rsquo;analyses pour aider \u00e0 r\u00e9soudre les probl\u00e8mes ou \u00e0 am\u00e9liorer les processus. Cela implique la r\u00e9alisation d&rsquo;analyses strat\u00e9giques, l&rsquo;offre de recommandations et la fourniture d&rsquo;une expertise personnalis\u00e9e pour r\u00e9pondre \u00e0 des besoins sp\u00e9cifiques. Les consultants recueillent et analysent \u00e9galement [&hellip;]\" \/>\n<meta property=\"og:url\" content=\"https:\/\/bmc-link.com\/?page_id=52\" \/>\n<meta property=\"og:site_name\" content=\"bmc-link.com\" \/>\n<meta property=\"article:modified_time\" content=\"2024-11-04T15:37:24+00:00\" \/>\n<meta name=\"twitter:card\" content=\"summary_large_image\" \/>\n<meta name=\"twitter:label1\" content=\"Dur\u00e9e de lecture estim\u00e9e\" \/>\n\t<meta name=\"twitter:data1\" content=\"2 minutes\" \/>\n<script type=\"application\/ld+json\" class=\"yoast-schema-graph\">{\"@context\":\"https:\/\/schema.org\",\"@graph\":[{\"@type\":\"WebPage\",\"@id\":\"https:\/\/bmc-link.com\/?page_id=52\",\"url\":\"https:\/\/bmc-link.com\/?page_id=52\",\"name\":\"Consultants - bmc-link.com\",\"isPartOf\":{\"@id\":\"https:\/\/bmc-link.com\/#website\"},\"datePublished\":\"2023-12-30T11:28:22+00:00\",\"dateModified\":\"2024-11-04T15:37:24+00:00\",\"breadcrumb\":{\"@id\":\"https:\/\/bmc-link.com\/?page_id=52#breadcrumb\"},\"inLanguage\":\"fr-FR\",\"potentialAction\":[{\"@type\":\"ReadAction\",\"target\":[\"https:\/\/bmc-link.com\/?page_id=52\"]}]},{\"@type\":\"BreadcrumbList\",\"@id\":\"https:\/\/bmc-link.com\/?page_id=52#breadcrumb\",\"itemListElement\":[{\"@type\":\"ListItem\",\"position\":1,\"name\":\"Accueil\",\"item\":\"https:\/\/bmc-link.com\/\"},{\"@type\":\"ListItem\",\"position\":2,\"name\":\"Consultants\"}]},{\"@type\":\"WebSite\",\"@id\":\"https:\/\/bmc-link.com\/#website\",\"url\":\"https:\/\/bmc-link.com\/\",\"name\":\"bmc-link.com\",\"description\":\"\",\"publisher\":{\"@id\":\"https:\/\/bmc-link.com\/#organization\"},\"potentialAction\":[{\"@type\":\"SearchAction\",\"target\":{\"@type\":\"EntryPoint\",\"urlTemplate\":\"https:\/\/bmc-link.com\/?s={search_term_string}\"},\"query-input\":{\"@type\":\"PropertyValueSpecification\",\"valueRequired\":true,\"valueName\":\"search_term_string\"}}],\"inLanguage\":\"fr-FR\"},{\"@type\":\"Organization\",\"@id\":\"https:\/\/bmc-link.com\/#organization\",\"name\":\"bmc-link.com\",\"url\":\"https:\/\/bmc-link.com\/\",\"logo\":{\"@type\":\"ImageObject\",\"inLanguage\":\"fr-FR\",\"@id\":\"https:\/\/bmc-link.com\/#\/schema\/logo\/image\/\",\"url\":\"https:\/\/bmc-link.com\/wp-content\/uploads\/2024\/11\/logo.bmc_.couleur77.png\",\"contentUrl\":\"https:\/\/bmc-link.com\/wp-content\/uploads\/2024\/11\/logo.bmc_.couleur77.png\",\"width\":2045,\"height\":3431,\"caption\":\"bmc-link.com\"},\"image\":{\"@id\":\"https:\/\/bmc-link.com\/#\/schema\/logo\/image\/\"}}]}<\/script>\n<!-- \/ Yoast SEO plugin. -->","yoast_head_json":{"title":"Consultants - bmc-link.com","robots":{"index":"index","follow":"follow","max-snippet":"max-snippet:-1","max-image-preview":"max-image-preview:large","max-video-preview":"max-video-preview:-1"},"canonical":"https:\/\/bmc-link.com\/?page_id=52","og_locale":"fr_FR","og_type":"article","og_title":"Consultants - bmc-link.com","og_description":"Les principales responsabilit\u00e9s d&rsquo;un consultant comprennent la fourniture de conseils strat\u00e9giques, d&rsquo;une expertise sur mesure et d&rsquo;analyses pour aider \u00e0 r\u00e9soudre les probl\u00e8mes ou \u00e0 am\u00e9liorer les processus. Cela implique la r\u00e9alisation d&rsquo;analyses strat\u00e9giques, l&rsquo;offre de recommandations et la fourniture d&rsquo;une expertise personnalis\u00e9e pour r\u00e9pondre \u00e0 des besoins sp\u00e9cifiques. Les consultants recueillent et analysent \u00e9galement [&hellip;]","og_url":"https:\/\/bmc-link.com\/?page_id=52","og_site_name":"bmc-link.com","article_modified_time":"2024-11-04T15:37:24+00:00","twitter_card":"summary_large_image","twitter_misc":{"Dur\u00e9e de lecture estim\u00e9e":"2 minutes"},"schema":{"@context":"https:\/\/schema.org","@graph":[{"@type":"WebPage","@id":"https:\/\/bmc-link.com\/?page_id=52","url":"https:\/\/bmc-link.com\/?page_id=52","name":"Consultants - bmc-link.com","isPartOf":{"@id":"https:\/\/bmc-link.com\/#website"},"datePublished":"2023-12-30T11:28:22+00:00","dateModified":"2024-11-04T15:37:24+00:00","breadcrumb":{"@id":"https:\/\/bmc-link.com\/?page_id=52#breadcrumb"},"inLanguage":"fr-FR","potentialAction":[{"@type":"ReadAction","target":["https:\/\/bmc-link.com\/?page_id=52"]}]},{"@type":"BreadcrumbList","@id":"https:\/\/bmc-link.com\/?page_id=52#breadcrumb","itemListElement":[{"@type":"ListItem","position":1,"name":"Accueil","item":"https:\/\/bmc-link.com\/"},{"@type":"ListItem","position":2,"name":"Consultants"}]},{"@type":"WebSite","@id":"https:\/\/bmc-link.com\/#website","url":"https:\/\/bmc-link.com\/","name":"bmc-link.com","description":"","publisher":{"@id":"https:\/\/bmc-link.com\/#organization"},"potentialAction":[{"@type":"SearchAction","target":{"@type":"EntryPoint","urlTemplate":"https:\/\/bmc-link.com\/?s={search_term_string}"},"query-input":{"@type":"PropertyValueSpecification","valueRequired":true,"valueName":"search_term_string"}}],"inLanguage":"fr-FR"},{"@type":"Organization","@id":"https:\/\/bmc-link.com\/#organization","name":"bmc-link.com","url":"https:\/\/bmc-link.com\/","logo":{"@type":"ImageObject","inLanguage":"fr-FR","@id":"https:\/\/bmc-link.com\/#\/schema\/logo\/image\/","url":"https:\/\/bmc-link.com\/wp-content\/uploads\/2024\/11\/logo.bmc_.couleur77.png","contentUrl":"https:\/\/bmc-link.com\/wp-content\/uploads\/2024\/11\/logo.bmc_.couleur77.png","width":2045,"height":3431,"caption":"bmc-link.com"},"image":{"@id":"https:\/\/bmc-link.com\/#\/schema\/logo\/image\/"}}]}},"_links":{"self":[{"href":"https:\/\/bmc-link.com\/index.php?rest_route=\/wp\/v2\/pages\/52","targetHints":{"allow":["GET"]}}],"collection":[{"href":"https:\/\/bmc-link.com\/index.php?rest_route=\/wp\/v2\/pages"}],"about":[{"href":"https:\/\/bmc-link.com\/index.php?rest_route=\/wp\/v2\/types\/page"}],"author":[{"embeddable":true,"href":"https:\/\/bmc-link.com\/index.php?rest_route=\/wp\/v2\/users\/1"}],"replies":[{"embeddable":true,"href":"https:\/\/bmc-link.com\/index.php?rest_route=%2Fwp%2Fv2%2Fcomments&post=52"}],"version-history":[{"count":1,"href":"https:\/\/bmc-link.com\/index.php?rest_route=\/wp\/v2\/pages\/52\/revisions"}],"predecessor-version":[{"id":240,"href":"https:\/\/bmc-link.com\/index.php?rest_route=\/wp\/v2\/pages\/52\/revisions\/240"}],"wp:attachment":[{"href":"https:\/\/bmc-link.com\/index.php?rest_route=%2Fwp%2Fv2%2Fmedia&parent=52"}],"curies":[{"name":"wp","href":"https:\/\/api.w.org\/{rel}","templated":true}]}}