{"id":46,"date":"2023-12-11T11:50:07","date_gmt":"2023-12-11T10:50:07","guid":{"rendered":"https:\/\/bmclink.wordpress.com\/?page_id=46"},"modified":"2025-01-07T18:43:15","modified_gmt":"2025-01-07T17:43:15","slug":"services","status":"publish","type":"page","link":"https:\/\/bmc-link.com\/?page_id=46","title":{"rendered":"Services"},"content":{"rendered":"\n<div class=\"wp-block-group alignwide has-global-padding is-layout-constrained wp-container-core-group-is-layout-a3c3a5f4 wp-block-group-is-layout-constrained\">\n<figure class=\"wp-block-image alignwide size-large\"><img decoding=\"async\" src=\"https:\/\/bmc-link.com\/wp-content\/uploads\/2023\/12\/b43d4-image-from-rawpixel-id-3303766-jpeg.jpg?w=800\" alt=\"\" class=\"wp-image-13\"\/><\/figure>\n\n\n\n<div class=\"wp-block-group alignfull has-global-padding is-layout-constrained wp-container-core-group-is-layout-5a30f31b wp-block-group-is-layout-constrained\">\n<div class=\"wp-block-columns alignwide is-layout-flex wp-container-core-columns-is-layout-cf05694f wp-block-columns-is-layout-flex\">\n<div class=\"wp-block-column is-layout-flow wp-block-column-is-layout-flow\" style=\"flex-basis:40%\">\n<h2 class=\"wp-block-heading\">Consultant<\/h2>\n<\/div>\n\n\n\n<div class=\"wp-block-column is-layout-flow wp-block-column-is-layout-flow\">\n<p>Nos services de conseil visent \u00e0 lib\u00e9rer votre potentiel et vous guider vers la r\u00e9ussite. Devenez notre partenaire. Ensemble, nous transformerons les d\u00e9fis en opportunit\u00e9s.<\/p>\n<\/div>\n<\/div>\n\n\n\n<hr class=\"wp-block-separator alignwide has-text-color has-alpha-channel-opacity has-background is-style-wide\" style=\"background-color:#4747471a;color:#4747471a\"\/>\n\n\n\n<div class=\"wp-block-columns alignwide is-layout-flex wp-container-core-columns-is-layout-cf05694f wp-block-columns-is-layout-flex\">\n<div class=\"wp-block-column is-layout-flow wp-block-column-is-layout-flow\" style=\"flex-basis:40%\">\n<h2 class=\"wp-block-heading\">Gestion<\/h2>\n<\/div>\n\n\n\n<div class=\"wp-block-column is-layout-flow wp-block-column-is-layout-flow\">\n<p>Nous privil\u00e9gions une approche holistique en veillant \u00e0 l\u2019optimisation de chaque aspect de vos op\u00e9rations pour parvenir \u00e0 des performances maximales. En nous concentrant sur la strat\u00e9gie et l\u2019adaptabilit\u00e9, nous transformons les visions en r\u00e9sultats tangibles.<\/p>\n<\/div>\n<\/div>\n\n\n\n<hr class=\"wp-block-separator alignwide has-text-color has-alpha-channel-opacity has-background is-style-wide\" style=\"background-color:#4747471a;color:#4747471a\"\/>\n\n\n\n<div class=\"wp-block-columns alignwide is-layout-flex wp-container-core-columns-is-layout-cf05694f wp-block-columns-is-layout-flex\">\n<div class=\"wp-block-column is-layout-flow wp-block-column-is-layout-flow\" style=\"flex-basis:40%\"><\/div>\n\n\n\n<div class=\"wp-block-column is-layout-flow wp-block-column-is-layout-flow\">\n<p><\/p>\n<\/div>\n<\/div>\n\n\n\n<hr class=\"wp-block-separator alignwide has-text-color has-alpha-channel-opacity has-background is-style-wide\" style=\"background-color:#4747471a;color:#4747471a\"\/>\n\n\n\n<div class=\"wp-block-columns alignwide is-layout-flex wp-container-core-columns-is-layout-cf05694f wp-block-columns-is-layout-flex\">\n<div class=\"wp-block-column is-layout-flow wp-block-column-is-layout-flow\" style=\"flex-basis:40%\">\n<h2 class=\"wp-block-heading\">Assistance<\/h2>\n<\/div>\n\n\n\n<div class=\"wp-block-column is-layout-flow wp-block-column-is-layout-flow\">\n<p>Derri\u00e8re chaque d\u00e9fi se cache une opportunit\u00e9 d\u2019assistance in\u00e9gal\u00e9e. Nous comprenons la complexit\u00e9 de vos besoins et nous nous engageons \u00e0 vous assister rapidement \u00e0 chaque \u00e9tape. <\/p>\n<\/div>\n<\/div>\n\n\n\n<hr class=\"wp-block-separator alignwide has-text-color has-alpha-channel-opacity has-background is-style-wide\" style=\"background-color:#4747471a;color:#4747471a\"\/>\n<\/div>\n\n\n\n<div class=\"wp-block-group alignfull has-global-padding is-layout-constrained wp-block-group-is-layout-constrained\" style=\"padding-top:var(--wp--preset--spacing--50);padding-bottom:var(--wp--preset--spacing--50)\">\n<h2 class=\"wp-block-heading alignwide has-text-align-left has-xxxx-large-font-size\">Construisons quelque chose ensemble<\/h2>\n\n\n\n<div class=\"wp-block-buttons alignwide is-content-justification-left is-layout-flex wp-container-core-buttons-is-layout-fc4fd283 wp-block-buttons-is-layout-flex\">\n\n\n<div class=\"wp-block-button\"><a class=\"wp-block-button__link has-background-color has-primary-background-color has-text-color has-background has-link-color wp-element-button\"> \u00ab\u00a0La force d&rsquo;une collaboration repose sur la fraternit\u00e9 et la synergie des comp\u00e9tences : l&rsquo;expertise et la logistique pour s\u00e9curiser chaque \u00e9tape, l&rsquo;analyse et le conseil pour anticiper chaque d\u00e9fi, et le portage d&rsquo;affaire pour atteindre ensemble de nouveaux sommets.\u00a0\u00bb<\/a><\/div>\n<\/div>\n<\/div>\n<\/div>\n\n\n\n<p><\/p>\n","protected":false},"excerpt":{"rendered":"<p>Consultant Nos services de conseil visent \u00e0 lib\u00e9rer votre potentiel et vous guider vers la r\u00e9ussite. Devenez notre partenaire. Ensemble, nous transformerons les d\u00e9fis en opportunit\u00e9s. Gestion Nous privil\u00e9gions une approche holistique en veillant \u00e0 l\u2019optimisation de chaque aspect de vos op\u00e9rations pour parvenir \u00e0 des performances maximales. En nous concentrant sur la strat\u00e9gie et [&hellip;]<\/p>\n","protected":false},"author":1,"featured_media":0,"parent":0,"menu_order":8,"comment_status":"closed","ping_status":"closed","template":"","meta":{"footnotes":""},"class_list":["post-46","page","type-page","status-publish","hentry"],"yoast_head":"<!-- This site is optimized with the Yoast SEO plugin v23.8 - https:\/\/yoast.com\/wordpress\/plugins\/seo\/ -->\n<title>Services - bmc-link.com<\/title>\n<meta name=\"robots\" content=\"index, follow, max-snippet:-1, max-image-preview:large, max-video-preview:-1\" \/>\n<link rel=\"canonical\" href=\"https:\/\/bmc-link.com\/?page_id=46\" \/>\n<meta property=\"og:locale\" content=\"fr_FR\" \/>\n<meta property=\"og:type\" content=\"article\" \/>\n<meta property=\"og:title\" content=\"Services - bmc-link.com\" \/>\n<meta property=\"og:description\" content=\"Consultant Nos services de conseil visent \u00e0 lib\u00e9rer votre potentiel et vous guider vers la r\u00e9ussite. Devenez notre partenaire. Ensemble, nous transformerons les d\u00e9fis en opportunit\u00e9s. Gestion Nous privil\u00e9gions une approche holistique en veillant \u00e0 l\u2019optimisation de chaque aspect de vos op\u00e9rations pour parvenir \u00e0 des performances maximales. En nous concentrant sur la strat\u00e9gie et [&hellip;]\" \/>\n<meta property=\"og:url\" content=\"https:\/\/bmc-link.com\/?page_id=46\" \/>\n<meta property=\"og:site_name\" content=\"bmc-link.com\" \/>\n<meta property=\"article:modified_time\" content=\"2025-01-07T17:43:15+00:00\" \/>\n<meta name=\"twitter:card\" content=\"summary_large_image\" \/>\n<meta name=\"twitter:label1\" content=\"Dur\u00e9e de lecture estim\u00e9e\" \/>\n\t<meta name=\"twitter:data1\" content=\"1 minute\" \/>\n<script type=\"application\/ld+json\" class=\"yoast-schema-graph\">{\"@context\":\"https:\/\/schema.org\",\"@graph\":[{\"@type\":\"WebPage\",\"@id\":\"https:\/\/bmc-link.com\/?page_id=46\",\"url\":\"https:\/\/bmc-link.com\/?page_id=46\",\"name\":\"Services - bmc-link.com\",\"isPartOf\":{\"@id\":\"https:\/\/bmc-link.com\/#website\"},\"primaryImageOfPage\":{\"@id\":\"https:\/\/bmc-link.com\/?page_id=46#primaryimage\"},\"image\":{\"@id\":\"https:\/\/bmc-link.com\/?page_id=46#primaryimage\"},\"thumbnailUrl\":\"https:\/\/bmc-link.com\/wp-content\/uploads\/2023\/12\/b43d4-image-from-rawpixel-id-3303766-jpeg.jpg?w=800\",\"datePublished\":\"2023-12-11T10:50:07+00:00\",\"dateModified\":\"2025-01-07T17:43:15+00:00\",\"breadcrumb\":{\"@id\":\"https:\/\/bmc-link.com\/?page_id=46#breadcrumb\"},\"inLanguage\":\"fr-FR\",\"potentialAction\":[{\"@type\":\"ReadAction\",\"target\":[\"https:\/\/bmc-link.com\/?page_id=46\"]}]},{\"@type\":\"ImageObject\",\"inLanguage\":\"fr-FR\",\"@id\":\"https:\/\/bmc-link.com\/?page_id=46#primaryimage\",\"url\":\"\",\"contentUrl\":\"\"},{\"@type\":\"BreadcrumbList\",\"@id\":\"https:\/\/bmc-link.com\/?page_id=46#breadcrumb\",\"itemListElement\":[{\"@type\":\"ListItem\",\"position\":1,\"name\":\"Accueil\",\"item\":\"https:\/\/bmc-link.com\/\"},{\"@type\":\"ListItem\",\"position\":2,\"name\":\"Services\"}]},{\"@type\":\"WebSite\",\"@id\":\"https:\/\/bmc-link.com\/#website\",\"url\":\"https:\/\/bmc-link.com\/\",\"name\":\"bmc-link.com\",\"description\":\"\",\"publisher\":{\"@id\":\"https:\/\/bmc-link.com\/#organization\"},\"potentialAction\":[{\"@type\":\"SearchAction\",\"target\":{\"@type\":\"EntryPoint\",\"urlTemplate\":\"https:\/\/bmc-link.com\/?s={search_term_string}\"},\"query-input\":{\"@type\":\"PropertyValueSpecification\",\"valueRequired\":true,\"valueName\":\"search_term_string\"}}],\"inLanguage\":\"fr-FR\"},{\"@type\":\"Organization\",\"@id\":\"https:\/\/bmc-link.com\/#organization\",\"name\":\"bmc-link.com\",\"url\":\"https:\/\/bmc-link.com\/\",\"logo\":{\"@type\":\"ImageObject\",\"inLanguage\":\"fr-FR\",\"@id\":\"https:\/\/bmc-link.com\/#\/schema\/logo\/image\/\",\"url\":\"https:\/\/bmc-link.com\/wp-content\/uploads\/2024\/11\/logo.bmc_.couleur77.png\",\"contentUrl\":\"https:\/\/bmc-link.com\/wp-content\/uploads\/2024\/11\/logo.bmc_.couleur77.png\",\"width\":2045,\"height\":3431,\"caption\":\"bmc-link.com\"},\"image\":{\"@id\":\"https:\/\/bmc-link.com\/#\/schema\/logo\/image\/\"}}]}<\/script>\n<!-- \/ Yoast SEO plugin. -->","yoast_head_json":{"title":"Services - bmc-link.com","robots":{"index":"index","follow":"follow","max-snippet":"max-snippet:-1","max-image-preview":"max-image-preview:large","max-video-preview":"max-video-preview:-1"},"canonical":"https:\/\/bmc-link.com\/?page_id=46","og_locale":"fr_FR","og_type":"article","og_title":"Services - bmc-link.com","og_description":"Consultant Nos services de conseil visent \u00e0 lib\u00e9rer votre potentiel et vous guider vers la r\u00e9ussite. Devenez notre partenaire. Ensemble, nous transformerons les d\u00e9fis en opportunit\u00e9s. Gestion Nous privil\u00e9gions une approche holistique en veillant \u00e0 l\u2019optimisation de chaque aspect de vos op\u00e9rations pour parvenir \u00e0 des performances maximales. En nous concentrant sur la strat\u00e9gie et [&hellip;]","og_url":"https:\/\/bmc-link.com\/?page_id=46","og_site_name":"bmc-link.com","article_modified_time":"2025-01-07T17:43:15+00:00","twitter_card":"summary_large_image","twitter_misc":{"Dur\u00e9e de lecture estim\u00e9e":"1 minute"},"schema":{"@context":"https:\/\/schema.org","@graph":[{"@type":"WebPage","@id":"https:\/\/bmc-link.com\/?page_id=46","url":"https:\/\/bmc-link.com\/?page_id=46","name":"Services - bmc-link.com","isPartOf":{"@id":"https:\/\/bmc-link.com\/#website"},"primaryImageOfPage":{"@id":"https:\/\/bmc-link.com\/?page_id=46#primaryimage"},"image":{"@id":"https:\/\/bmc-link.com\/?page_id=46#primaryimage"},"thumbnailUrl":"https:\/\/bmc-link.com\/wp-content\/uploads\/2023\/12\/b43d4-image-from-rawpixel-id-3303766-jpeg.jpg?w=800","datePublished":"2023-12-11T10:50:07+00:00","dateModified":"2025-01-07T17:43:15+00:00","breadcrumb":{"@id":"https:\/\/bmc-link.com\/?page_id=46#breadcrumb"},"inLanguage":"fr-FR","potentialAction":[{"@type":"ReadAction","target":["https:\/\/bmc-link.com\/?page_id=46"]}]},{"@type":"ImageObject","inLanguage":"fr-FR","@id":"https:\/\/bmc-link.com\/?page_id=46#primaryimage","url":"","contentUrl":""},{"@type":"BreadcrumbList","@id":"https:\/\/bmc-link.com\/?page_id=46#breadcrumb","itemListElement":[{"@type":"ListItem","position":1,"name":"Accueil","item":"https:\/\/bmc-link.com\/"},{"@type":"ListItem","position":2,"name":"Services"}]},{"@type":"WebSite","@id":"https:\/\/bmc-link.com\/#website","url":"https:\/\/bmc-link.com\/","name":"bmc-link.com","description":"","publisher":{"@id":"https:\/\/bmc-link.com\/#organization"},"potentialAction":[{"@type":"SearchAction","target":{"@type":"EntryPoint","urlTemplate":"https:\/\/bmc-link.com\/?s={search_term_string}"},"query-input":{"@type":"PropertyValueSpecification","valueRequired":true,"valueName":"search_term_string"}}],"inLanguage":"fr-FR"},{"@type":"Organization","@id":"https:\/\/bmc-link.com\/#organization","name":"bmc-link.com","url":"https:\/\/bmc-link.com\/","logo":{"@type":"ImageObject","inLanguage":"fr-FR","@id":"https:\/\/bmc-link.com\/#\/schema\/logo\/image\/","url":"https:\/\/bmc-link.com\/wp-content\/uploads\/2024\/11\/logo.bmc_.couleur77.png","contentUrl":"https:\/\/bmc-link.com\/wp-content\/uploads\/2024\/11\/logo.bmc_.couleur77.png","width":2045,"height":3431,"caption":"bmc-link.com"},"image":{"@id":"https:\/\/bmc-link.com\/#\/schema\/logo\/image\/"}}]}},"_links":{"self":[{"href":"https:\/\/bmc-link.com\/index.php?rest_route=\/wp\/v2\/pages\/46","targetHints":{"allow":["GET"]}}],"collection":[{"href":"https:\/\/bmc-link.com\/index.php?rest_route=\/wp\/v2\/pages"}],"about":[{"href":"https:\/\/bmc-link.com\/index.php?rest_route=\/wp\/v2\/types\/page"}],"author":[{"embeddable":true,"href":"https:\/\/bmc-link.com\/index.php?rest_route=\/wp\/v2\/users\/1"}],"replies":[{"embeddable":true,"href":"https:\/\/bmc-link.com\/index.php?rest_route=%2Fwp%2Fv2%2Fcomments&post=46"}],"version-history":[{"count":3,"href":"https:\/\/bmc-link.com\/index.php?rest_route=\/wp\/v2\/pages\/46\/revisions"}],"predecessor-version":[{"id":269,"href":"https:\/\/bmc-link.com\/index.php?rest_route=\/wp\/v2\/pages\/46\/revisions\/269"}],"wp:attachment":[{"href":"https:\/\/bmc-link.com\/index.php?rest_route=%2Fwp%2Fv2%2Fmedia&parent=46"}],"curies":[{"name":"wp","href":"https:\/\/api.w.org\/{rel}","templated":true}]}}