{"id":297,"date":"2025-01-09T16:12:28","date_gmt":"2025-01-09T15:12:28","guid":{"rendered":"https:\/\/bmc-link.com\/?page_id=297"},"modified":"2025-01-09T16:18:51","modified_gmt":"2025-01-09T15:18:51","slug":"lechange-est-et-restera-toujours-notre-force-de-proposition","status":"publish","type":"page","link":"https:\/\/bmc-link.com\/?page_id=297","title":{"rendered":"L\u2019\u00e9change\u00a0est et restera toujours notre force de proposition\u00a0"},"content":{"rendered":"\n<figure class=\"wp-block-image size-large\"><img loading=\"lazy\" decoding=\"async\" width=\"1024\" height=\"585\" src=\"https:\/\/bmc-link.com\/wp-content\/uploads\/2025\/01\/DALL\u00b7E-2025-01-06-18.30.24-A-professional-and-modern-illustration-representing-international-business-strategy-and-collaboration.-The-image-features-a-world-map-with-interconnec-1024x585.webp\" alt=\"\" class=\"wp-image-299\" srcset=\"https:\/\/bmc-link.com\/wp-content\/uploads\/2025\/01\/DALL\u00b7E-2025-01-06-18.30.24-A-professional-and-modern-illustration-representing-international-business-strategy-and-collaboration.-The-image-features-a-world-map-with-interconnec-1024x585.webp 1024w, https:\/\/bmc-link.com\/wp-content\/uploads\/2025\/01\/DALL\u00b7E-2025-01-06-18.30.24-A-professional-and-modern-illustration-representing-international-business-strategy-and-collaboration.-The-image-features-a-world-map-with-interconnec-300x171.webp 300w, https:\/\/bmc-link.com\/wp-content\/uploads\/2025\/01\/DALL\u00b7E-2025-01-06-18.30.24-A-professional-and-modern-illustration-representing-international-business-strategy-and-collaboration.-The-image-features-a-world-map-with-interconnec-768x439.webp 768w, https:\/\/bmc-link.com\/wp-content\/uploads\/2025\/01\/DALL\u00b7E-2025-01-06-18.30.24-A-professional-and-modern-illustration-representing-international-business-strategy-and-collaboration.-The-image-features-a-world-map-with-interconnec-1536x878.webp 1536w, https:\/\/bmc-link.com\/wp-content\/uploads\/2025\/01\/DALL\u00b7E-2025-01-06-18.30.24-A-professional-and-modern-illustration-representing-international-business-strategy-and-collaboration.-The-image-features-a-world-map-with-interconnec.webp 1792w\" sizes=\"auto, (max-width: 1024px) 100vw, 1024px\" \/><\/figure>\n\n\n\n<p>Les moyens d\u2019\u00e9change et de communication entre les continents sont vari\u00e9s et compl\u00e9mentaires. Les transports maritimes, gr\u00e2ce aux navires et cargos, jouent un r\u00f4le crucial dans le commerce mondial en transportant des milliards de tonnes de marchandises. Le transport a\u00e9rien facilite les d\u00e9placements rapides des personnes et des biens, tandis que les infrastructures terrestres, comme les trains et camions, assurent les connexions essentielles entre ports, villes et zones int\u00e9rieures. Les r\u00e9seaux de t\u00e9l\u00e9communication, notamment Internet, les satellites et les c\u00e2bles sous-marins, permettent des \u00e9changes d\u2019informations instantan\u00e9s. Les \u00e9changes humains, comme les migrations, le tourisme et les \u00e9changes culturels, renforcent les liens entre les populations et les continents. Les plateformes num\u00e9riques et les r\u00e9seaux sociaux multiplient les interactions \u00e0 l\u2019\u00e9chelle mondiale. Enfin, la diplomatie, les forums internationaux et les organisations transcontinentales favorisent la coop\u00e9ration et les \u00e9changes humains, sociaux et \u00e9conomiques dans un monde toujours plus interconnect\u00e9.<\/p>\n\n\n\n<p>Pour r\u00e9ussir \u00e0 \u00e9tablir et maintenir ces moyens d\u2019\u00e9change et de communication efficaces entre les continents pour votre soci\u00e9t\u00e9, il est n\u00e9cessaire de mettre \u00e0 disposition plusieurs \u00e9l\u00e9ments cl\u00e9s, r\u00e9partis en diff\u00e9rentes cat\u00e9gories :<\/p>\n\n\n\n<p><strong>Une Infrastructures de transport et de communication avec&nbsp;:<\/strong><\/p>\n\n\n\n<ul class=\"wp-block-list\">\n<li><strong>Des Ports modernes et efficaces<\/strong>\u00a0: Faciliter le transport maritime avec des installations pour accueillir des cargos de grande capacit\u00e9.<\/li>\n\n\n\n<li><strong>Des A\u00e9roports internationaux<\/strong>\u00a0: Bien \u00e9quip\u00e9s pour g\u00e9rer un trafic \u00e9lev\u00e9 de passagers et de marchandises.<\/li>\n\n\n\n<li><strong>Plusieurs R\u00e9seaux terrestres<\/strong>\u00a0: Routes, autoroutes, chemins de fer, et corridors logistiques pour relier les ports et les a\u00e9roports aux r\u00e9gions int\u00e9rieures.<\/li>\n<\/ul>\n\n\n\n<ul class=\"wp-block-list\">\n<li><strong>Des R\u00e9seaux Internet robustes<\/strong>\u00a0: C\u00e2bles sous-marins, satellites et antennes relais pour garantir une connexion rapide et stable.<\/li>\n\n\n\n<li><strong>Des Centres de donn\u00e9es<\/strong>\u00a0: Pour stocker et g\u00e9rer les informations \u00e9chang\u00e9es entre continents.<\/li>\n\n\n\n<li><strong>Des Technologies num\u00e9riques avanc\u00e9es<\/strong>\u00a0: D\u00e9velopper les outils pour la communication en temps r\u00e9el, comme les plateformes de visioconf\u00e9rence et les r\u00e9seaux sociaux.<\/li>\n<\/ul>\n\n\n\n<p><strong>Des Capacit\u00e9s humaines et organisationnelles<\/strong><\/p>\n\n\n\n<ul class=\"wp-block-list\">\n<li><strong>Formation de professionnels qualifi\u00e9s<\/strong>\u00a0: Dans les domaines du transport, des t\u00e9l\u00e9communications, de la logistique et de la diplomatie.<\/li>\n\n\n\n<li><strong>Promotion des \u00e9changes culturels et \u00e9ducatifs<\/strong>\u00a0: Encourager les programmes de mobilit\u00e9 comme les \u00e9changes universitaires ou les partenariats professionnels.<\/li>\n<\/ul>\n\n\n\n<p><strong>Un Cadre juridique s\u00e9curitaire et diplomatique<\/strong><\/p>\n\n\n\n<ul class=\"wp-block-list\">\n<li><strong>Accords internationaux<\/strong>\u00a0: Trait\u00e9s commerciaux, accords douaniers, et r\u00e9glementations communes pour faciliter les \u00e9changes.<\/li>\n\n\n\n<li><strong>Organisations et forums internationaux<\/strong>\u00a0: Pour g\u00e9rer les relations entre continents et r\u00e9soudre les diff\u00e9rends.<\/li>\n<\/ul>\n\n\n\n<ul class=\"wp-block-list\">\n<li><strong>S\u00e9curisation des r\u00e9seaux<\/strong>\u00a0: Pr\u00e9venir les cyberattaques et garantir la s\u00fbret\u00e9 des routes et des ports.<\/li>\n\n\n\n<li><strong>Engagement environnemental<\/strong>\u00a0: Investir dans des transports durables et r\u00e9duire l\u2019impact \u00e9cologique des \u00e9changes mondiaux.<\/li>\n<\/ul>\n\n\n\n<p><strong>En finalit\u00e9 des Investissements financiers<\/strong><\/p>\n\n\n\n<ul class=\"wp-block-list\">\n<li><strong>Financement public et priv\u00e9<\/strong>\u00a0: Pour construire et entretenir les infrastructures.<\/li>\n\n\n\n<li><strong>Acc\u00e8s aux technologies innovantes<\/strong>\u00a0: Soutenir la recherche et le d\u00e9veloppement pour rester comp\u00e9titif.<\/li>\n<\/ul>\n\n\n\n<p>Je mets \u00e0 disposition ces ressources et infrastructures de mani\u00e8re coordonn\u00e9e qui vous permettrons de renforcer durablement vos \u00e9changes entre les continents mais \u00e9galement sur un niveau national.<\/p>\n\n\n\n<p>A titre d\u2019exemple et de mani\u00e8re non exhaustive nos conseils, analyses, audits, enqu\u00eates, ressources, consulting&nbsp;:&nbsp;<\/p>\n\n\n\n<p><strong>&nbsp;&nbsp;&nbsp;&nbsp;&nbsp;&nbsp;&nbsp;&nbsp;&nbsp;&nbsp;&nbsp;&nbsp;&nbsp;&nbsp;Transports :<\/strong><\/p>\n\n\n\n<ul class=\"wp-block-list\">\n<li>Logisticien<\/li>\n\n\n\n<li>Ing\u00e9nieur en transport maritime\/a\u00e9rien<\/li>\n\n\n\n<li>Conducteur de train\/camion<\/li>\n\n\n\n<li>Capitaine de navire<\/li>\n\n\n\n<li>Pilote de ligne<\/li>\n\n\n\n<li>Op\u00e9rateur portuaire<\/li>\n\n\n\n<li>Planificateur de cha\u00eenes d&rsquo;approvisionnement<\/li>\n\n\n\n<li>Fret forwarding<\/li>\n<\/ul>\n\n\n\n<p><strong>&nbsp;&nbsp;&nbsp;&nbsp;&nbsp;&nbsp;&nbsp;&nbsp;&nbsp;&nbsp;&nbsp;&nbsp;&nbsp;&nbsp;&nbsp;T\u00e9l\u00e9communications :<\/strong><\/p>\n\n\n\n<ul class=\"wp-block-list\">\n<li>Ing\u00e9nieur r\u00e9seau<\/li>\n\n\n\n<li>Sp\u00e9cialiste en cybers\u00e9curit\u00e9<\/li>\n\n\n\n<li>Technicien en c\u00e2blage sous-marin<\/li>\n\n\n\n<li>Gestionnaire de centre de donn\u00e9es<\/li>\n\n\n\n<li>Architecte cloud<\/li>\n\n\n\n<li>Expert en t\u00e9l\u00e9communications satellites<\/li>\n<\/ul>\n\n\n\n<p><strong>&nbsp;&nbsp;&nbsp;&nbsp;&nbsp;&nbsp;&nbsp;&nbsp;&nbsp;&nbsp;&nbsp;&nbsp;&nbsp;&nbsp;&nbsp;Diplomatie et commerce :<\/strong><\/p>\n\n\n\n<ul class=\"wp-block-list\">\n<li>Diplomate<\/li>\n\n\n\n<li>N\u00e9gociateur commercial<\/li>\n\n\n\n<li>Consultant en commerce international<\/li>\n\n\n\n<li>Analyste en g\u00e9opolitique<\/li>\n\n\n\n<li>Coordinateur de projets transnationaux<\/li>\n<\/ul>\n\n\n\n<p><strong>&nbsp;&nbsp;&nbsp;&nbsp;&nbsp;&nbsp;&nbsp;&nbsp;&nbsp;&nbsp;&nbsp;&nbsp;&nbsp;&nbsp;&nbsp;Technologies et num\u00e9rique :<\/strong><\/p>\n\n\n\n<ul class=\"wp-block-list\">\n<li>D\u00e9veloppeur de plateformes num\u00e9riques<\/li>\n\n\n\n<li>Data scientiste<\/li>\n\n\n\n<li>Gestionnaire de syst\u00e8mes d&rsquo;information<\/li>\n\n\n\n<li>Expert en intelligence artificielle<\/li>\n\n\n\n<li>Sp\u00e9cialiste en logistique num\u00e9rique<\/li>\n<\/ul>\n\n\n\n<p><strong>&nbsp;&nbsp;&nbsp;&nbsp;&nbsp;&nbsp;&nbsp;&nbsp;&nbsp;&nbsp;&nbsp;&nbsp;&nbsp;&nbsp;&nbsp;Infrastructures :<\/strong><\/p>\n\n\n\n<ul class=\"wp-block-list\">\n<li>Ing\u00e9nieur civil<\/li>\n\n\n\n<li>Architecte d\u2019infrastructures<\/li>\n\n\n\n<li>Urbaniste sp\u00e9cialis\u00e9 en transport<\/li>\n\n\n\n<li>Technicien en maintenance portuaire\/a\u00e9roportuaire<\/li>\n<\/ul>\n\n\n\n<p><strong>&nbsp;&nbsp;&nbsp;&nbsp;&nbsp;&nbsp;&nbsp;&nbsp;&nbsp;&nbsp;&nbsp;&nbsp;&nbsp;&nbsp;&nbsp;Ressources humaines et culture :<\/strong><\/p>\n\n\n\n<ul class=\"wp-block-list\">\n<li>Gestionnaire de mobilit\u00e9 internationale<\/li>\n\n\n\n<li>Responsable d\u2019\u00e9changes culturels<\/li>\n\n\n\n<li>Coordinateur d&rsquo;\u00e9changes \u00e9ducatifs<\/li>\n\n\n\n<li>Guide touristique international<\/li>\n<\/ul>\n\n\n\n<p><strong>&nbsp;&nbsp;&nbsp;&nbsp;&nbsp;&nbsp;&nbsp;&nbsp;&nbsp;&nbsp;&nbsp;&nbsp;&nbsp;&nbsp;&nbsp;Finances et environnement :<\/strong><\/p>\n\n\n\n<ul class=\"wp-block-list\">\n<li>Analyste financier en infrastructures<\/li>\n\n\n\n<li>Sp\u00e9cialiste en d\u00e9veloppement durable<\/li>\n\n\n\n<li>Consultant en \u00e9conomie verte<\/li>\n\n\n\n<li>Gestionnaire de fonds pour projets internationaux<\/li>\n\n\n\n<li>Fonds d\u2019investissement<\/li>\n<\/ul>\n\n\n\n<p><strong>S\u00e9curit\u00e9 et Suret\u00e9 :<\/strong><\/p>\n\n\n\n<ul class=\"wp-block-list\">\n<li>Agent de s\u00fbret\u00e9<\/li>\n\n\n\n<li>Responsable de la s\u00e9curit\u00e9\u00a0<\/li>\n\n\n\n<li>Inspecteur des douanes<\/li>\n\n\n\n<li>Officier de la marine marchande<\/li>\n\n\n\n<li>Sp\u00e9cialiste en s\u00e9curit\u00e9 des transports terrestres<\/li>\n\n\n\n<li>Ing\u00e9nieur en s\u00e9curit\u00e9 des infrastructures (routes, ponts, tunnels)<\/li>\n\n\n\n<li>Analyste en s\u00e9curit\u00e9 g\u00e9opolitique<\/li>\n\n\n\n<li>Officier de liaison intercontinental<\/li>\n\n\n\n<li>Responsable des op\u00e9rations de maintien de la paix<\/li>\n\n\n\n<li>Conseiller en gestion de conflits internationaux<\/li>\n\n\n\n<li>Expert en droits internationaux<\/li>\n<\/ul>\n\n\n\n<p><\/p>\n","protected":false},"excerpt":{"rendered":"<p>Les moyens d\u2019\u00e9change et de communication entre les continents sont vari\u00e9s et compl\u00e9mentaires. Les transports maritimes, gr\u00e2ce aux navires et cargos, jouent un r\u00f4le crucial dans le commerce mondial en transportant des milliards de tonnes de marchandises. Le transport a\u00e9rien facilite les d\u00e9placements rapides des personnes et des biens, tandis que les infrastructures terrestres, comme [&hellip;]<\/p>\n","protected":false},"author":1,"featured_media":0,"parent":0,"menu_order":10,"comment_status":"closed","ping_status":"closed","template":"","meta":{"footnotes":""},"class_list":["post-297","page","type-page","status-publish","hentry"],"yoast_head":"<!-- This site is optimized with the Yoast SEO plugin v23.8 - https:\/\/yoast.com\/wordpress\/plugins\/seo\/ -->\n<title>L\u2019\u00e9change\u00a0est et restera toujours notre force de proposition\u00a0 - bmc-link.com<\/title>\n<meta name=\"robots\" content=\"index, follow, max-snippet:-1, max-image-preview:large, max-video-preview:-1\" \/>\n<link rel=\"canonical\" href=\"https:\/\/bmc-link.com\/?page_id=297\" \/>\n<meta property=\"og:locale\" content=\"fr_FR\" \/>\n<meta property=\"og:type\" content=\"article\" \/>\n<meta property=\"og:title\" content=\"L\u2019\u00e9change\u00a0est et restera toujours notre force de proposition\u00a0 - bmc-link.com\" \/>\n<meta property=\"og:description\" content=\"Les moyens d\u2019\u00e9change et de communication entre les continents sont vari\u00e9s et compl\u00e9mentaires. Les transports maritimes, gr\u00e2ce aux navires et cargos, jouent un r\u00f4le crucial dans le commerce mondial en transportant des milliards de tonnes de marchandises. Le transport a\u00e9rien facilite les d\u00e9placements rapides des personnes et des biens, tandis que les infrastructures terrestres, comme [&hellip;]\" \/>\n<meta property=\"og:url\" content=\"https:\/\/bmc-link.com\/?page_id=297\" \/>\n<meta property=\"og:site_name\" content=\"bmc-link.com\" \/>\n<meta property=\"article:modified_time\" content=\"2025-01-09T15:18:51+00:00\" \/>\n<meta name=\"twitter:card\" content=\"summary_large_image\" \/>\n<meta name=\"twitter:label1\" content=\"Dur\u00e9e de lecture estim\u00e9e\" \/>\n\t<meta name=\"twitter:data1\" content=\"4 minutes\" \/>\n<script type=\"application\/ld+json\" class=\"yoast-schema-graph\">{\"@context\":\"https:\/\/schema.org\",\"@graph\":[{\"@type\":\"WebPage\",\"@id\":\"https:\/\/bmc-link.com\/?page_id=297\",\"url\":\"https:\/\/bmc-link.com\/?page_id=297\",\"name\":\"L\u2019\u00e9change\u00a0est et restera toujours notre force de proposition\u00a0 - bmc-link.com\",\"isPartOf\":{\"@id\":\"https:\/\/bmc-link.com\/#website\"},\"datePublished\":\"2025-01-09T15:12:28+00:00\",\"dateModified\":\"2025-01-09T15:18:51+00:00\",\"breadcrumb\":{\"@id\":\"https:\/\/bmc-link.com\/?page_id=297#breadcrumb\"},\"inLanguage\":\"fr-FR\",\"potentialAction\":[{\"@type\":\"ReadAction\",\"target\":[\"https:\/\/bmc-link.com\/?page_id=297\"]}]},{\"@type\":\"BreadcrumbList\",\"@id\":\"https:\/\/bmc-link.com\/?page_id=297#breadcrumb\",\"itemListElement\":[{\"@type\":\"ListItem\",\"position\":1,\"name\":\"Accueil\",\"item\":\"https:\/\/bmc-link.com\/\"},{\"@type\":\"ListItem\",\"position\":2,\"name\":\"L\u2019\u00e9change\u00a0est et restera toujours notre force de proposition\u00a0\"}]},{\"@type\":\"WebSite\",\"@id\":\"https:\/\/bmc-link.com\/#website\",\"url\":\"https:\/\/bmc-link.com\/\",\"name\":\"bmc-link.com\",\"description\":\"\",\"publisher\":{\"@id\":\"https:\/\/bmc-link.com\/#organization\"},\"potentialAction\":[{\"@type\":\"SearchAction\",\"target\":{\"@type\":\"EntryPoint\",\"urlTemplate\":\"https:\/\/bmc-link.com\/?s={search_term_string}\"},\"query-input\":{\"@type\":\"PropertyValueSpecification\",\"valueRequired\":true,\"valueName\":\"search_term_string\"}}],\"inLanguage\":\"fr-FR\"},{\"@type\":\"Organization\",\"@id\":\"https:\/\/bmc-link.com\/#organization\",\"name\":\"bmc-link.com\",\"url\":\"https:\/\/bmc-link.com\/\",\"logo\":{\"@type\":\"ImageObject\",\"inLanguage\":\"fr-FR\",\"@id\":\"https:\/\/bmc-link.com\/#\/schema\/logo\/image\/\",\"url\":\"https:\/\/bmc-link.com\/wp-content\/uploads\/2024\/11\/logo.bmc_.couleur77.png\",\"contentUrl\":\"https:\/\/bmc-link.com\/wp-content\/uploads\/2024\/11\/logo.bmc_.couleur77.png\",\"width\":2045,\"height\":3431,\"caption\":\"bmc-link.com\"},\"image\":{\"@id\":\"https:\/\/bmc-link.com\/#\/schema\/logo\/image\/\"}}]}<\/script>\n<!-- \/ Yoast SEO plugin. -->","yoast_head_json":{"title":"L\u2019\u00e9change\u00a0est et restera toujours notre force de proposition\u00a0 - bmc-link.com","robots":{"index":"index","follow":"follow","max-snippet":"max-snippet:-1","max-image-preview":"max-image-preview:large","max-video-preview":"max-video-preview:-1"},"canonical":"https:\/\/bmc-link.com\/?page_id=297","og_locale":"fr_FR","og_type":"article","og_title":"L\u2019\u00e9change\u00a0est et restera toujours notre force de proposition\u00a0 - bmc-link.com","og_description":"Les moyens d\u2019\u00e9change et de communication entre les continents sont vari\u00e9s et compl\u00e9mentaires. Les transports maritimes, gr\u00e2ce aux navires et cargos, jouent un r\u00f4le crucial dans le commerce mondial en transportant des milliards de tonnes de marchandises. Le transport a\u00e9rien facilite les d\u00e9placements rapides des personnes et des biens, tandis que les infrastructures terrestres, comme [&hellip;]","og_url":"https:\/\/bmc-link.com\/?page_id=297","og_site_name":"bmc-link.com","article_modified_time":"2025-01-09T15:18:51+00:00","twitter_card":"summary_large_image","twitter_misc":{"Dur\u00e9e de lecture estim\u00e9e":"4 minutes"},"schema":{"@context":"https:\/\/schema.org","@graph":[{"@type":"WebPage","@id":"https:\/\/bmc-link.com\/?page_id=297","url":"https:\/\/bmc-link.com\/?page_id=297","name":"L\u2019\u00e9change\u00a0est et restera toujours notre force de proposition\u00a0 - bmc-link.com","isPartOf":{"@id":"https:\/\/bmc-link.com\/#website"},"datePublished":"2025-01-09T15:12:28+00:00","dateModified":"2025-01-09T15:18:51+00:00","breadcrumb":{"@id":"https:\/\/bmc-link.com\/?page_id=297#breadcrumb"},"inLanguage":"fr-FR","potentialAction":[{"@type":"ReadAction","target":["https:\/\/bmc-link.com\/?page_id=297"]}]},{"@type":"BreadcrumbList","@id":"https:\/\/bmc-link.com\/?page_id=297#breadcrumb","itemListElement":[{"@type":"ListItem","position":1,"name":"Accueil","item":"https:\/\/bmc-link.com\/"},{"@type":"ListItem","position":2,"name":"L\u2019\u00e9change\u00a0est et restera toujours notre force de proposition\u00a0"}]},{"@type":"WebSite","@id":"https:\/\/bmc-link.com\/#website","url":"https:\/\/bmc-link.com\/","name":"bmc-link.com","description":"","publisher":{"@id":"https:\/\/bmc-link.com\/#organization"},"potentialAction":[{"@type":"SearchAction","target":{"@type":"EntryPoint","urlTemplate":"https:\/\/bmc-link.com\/?s={search_term_string}"},"query-input":{"@type":"PropertyValueSpecification","valueRequired":true,"valueName":"search_term_string"}}],"inLanguage":"fr-FR"},{"@type":"Organization","@id":"https:\/\/bmc-link.com\/#organization","name":"bmc-link.com","url":"https:\/\/bmc-link.com\/","logo":{"@type":"ImageObject","inLanguage":"fr-FR","@id":"https:\/\/bmc-link.com\/#\/schema\/logo\/image\/","url":"https:\/\/bmc-link.com\/wp-content\/uploads\/2024\/11\/logo.bmc_.couleur77.png","contentUrl":"https:\/\/bmc-link.com\/wp-content\/uploads\/2024\/11\/logo.bmc_.couleur77.png","width":2045,"height":3431,"caption":"bmc-link.com"},"image":{"@id":"https:\/\/bmc-link.com\/#\/schema\/logo\/image\/"}}]}},"_links":{"self":[{"href":"https:\/\/bmc-link.com\/index.php?rest_route=\/wp\/v2\/pages\/297","targetHints":{"allow":["GET"]}}],"collection":[{"href":"https:\/\/bmc-link.com\/index.php?rest_route=\/wp\/v2\/pages"}],"about":[{"href":"https:\/\/bmc-link.com\/index.php?rest_route=\/wp\/v2\/types\/page"}],"author":[{"embeddable":true,"href":"https:\/\/bmc-link.com\/index.php?rest_route=\/wp\/v2\/users\/1"}],"replies":[{"embeddable":true,"href":"https:\/\/bmc-link.com\/index.php?rest_route=%2Fwp%2Fv2%2Fcomments&post=297"}],"version-history":[{"count":2,"href":"https:\/\/bmc-link.com\/index.php?rest_route=\/wp\/v2\/pages\/297\/revisions"}],"predecessor-version":[{"id":301,"href":"https:\/\/bmc-link.com\/index.php?rest_route=\/wp\/v2\/pages\/297\/revisions\/301"}],"wp:attachment":[{"href":"https:\/\/bmc-link.com\/index.php?rest_route=%2Fwp%2Fv2%2Fmedia&parent=297"}],"curies":[{"name":"wp","href":"https:\/\/api.w.org\/{rel}","templated":true}]}}