{"id":275,"date":"2025-01-07T17:53:25","date_gmt":"2025-01-07T16:53:25","guid":{"rendered":"https:\/\/bmc-link.com\/?page_id=275"},"modified":"2025-01-07T18:45:23","modified_gmt":"2025-01-07T17:45:23","slug":"apporteur-daffaires-boostez-votre-activite-avec-un-expert-du-demarchage","status":"publish","type":"page","link":"https:\/\/bmc-link.com\/?page_id=275","title":{"rendered":"2\/ Apporteur d&rsquo;affaires"},"content":{"rendered":"\n<p><strong>Boostez votre activit\u00e9 avec un expert du d\u00e9marchage<\/strong>:<\/p>\n\n\n\n<p>Un apporteur d\u2019affaires est un professionnel ind\u00e9pendant qui aide les entreprises \u00e0 d\u00e9velopper leurs ventes en identifiant de nouveaux clients. R\u00e9mun\u00e9r\u00e9 \u00e0 la commission (un pourcentage pr\u00e9d\u00e9fini sur les montants factur\u00e9s), il met en relation des entreprises avec des prestataires qualifi\u00e9s. Ce r\u00f4le offre une solution flexible et efficace pour les entreprises souhaitant cro\u00eetre sans recruter en interne.<\/p>\n\n\n\n<p><strong>Pour r\u00e9ussir dans ce m\u00e9tier, il est essentiel de disposer d\u2019un r\u00e9seau professionnel solide, de comp\u00e9tences en n\u00e9gociation et d\u2019un carnet d\u2019adresses bien garni.<\/strong> L\u2019apporteur d\u2019affaires n\u2019est g\u00e9n\u00e9ralement pas tenu responsable en cas de litige entre les parties, sauf si le contrat stipule le contraire. Toutefois, sa commission peut \u00eatre suspendue en cas d\u2019\u00e9chec des n\u00e9gociations ou d\u2019insolvabilit\u00e9 d\u2019un client.<\/p>\n\n\n\n<p>Les entreprises qui font appel \u00e0 un apporteur d\u2019affaires recherchent avant tout une expertise externe et une approche flexible pour d\u00e9velopper leur client\u00e8le. Cela leur permet d\u2019\u00e9conomiser sur les co\u00fbts de recrutement, tout en acc\u00e9dant rapidement \u00e0 un r\u00e9seau professionnel. De son c\u00f4t\u00e9, l\u2019apporteur d\u2019affaires b\u00e9n\u00e9ficie d\u2019un r\u00f4le strat\u00e9gique et peut diversifier ses collaborations pour maximiser ses revenus.<\/p>\n\n\n\n<p>En tant qu\u2019apporteur d\u2019affaires, nous jouons un r\u00f4le cl\u00e9 dans la croissance des entreprises partenaires. Nous leur permettons de se concentrer sur leur c\u0153ur de m\u00e9tier tout en b\u00e9n\u00e9ficiant de notre expertise pour \u00e9largir leur client\u00e8le. Nous aimons cr\u00e9er des connexions, n\u00e9gocier et relever des d\u00e9fis commerciaux, ce m\u00e9tier est une v\u00e9ritable opportunit\u00e9 d&rsquo;\u00e9panouissement personnel.<\/p>\n","protected":false},"excerpt":{"rendered":"<p>Boostez votre activit\u00e9 avec un expert du d\u00e9marchage: Un apporteur d\u2019affaires est un professionnel ind\u00e9pendant qui aide les entreprises \u00e0 d\u00e9velopper leurs ventes en identifiant de nouveaux clients. R\u00e9mun\u00e9r\u00e9 \u00e0 la commission (un pourcentage pr\u00e9d\u00e9fini sur les montants factur\u00e9s), il met en relation des entreprises avec des prestataires qualifi\u00e9s. Ce r\u00f4le offre une solution flexible [&hellip;]<\/p>\n","protected":false},"author":1,"featured_media":0,"parent":0,"menu_order":9,"comment_status":"closed","ping_status":"closed","template":"","meta":{"footnotes":""},"class_list":["post-275","page","type-page","status-publish","hentry"],"yoast_head":"<!-- This site is optimized with the Yoast SEO plugin v23.8 - https:\/\/yoast.com\/wordpress\/plugins\/seo\/ -->\n<title>2\/ Apporteur d&#039;affaires - bmc-link.com<\/title>\n<meta name=\"robots\" content=\"index, follow, max-snippet:-1, max-image-preview:large, max-video-preview:-1\" \/>\n<link rel=\"canonical\" href=\"https:\/\/bmc-link.com\/?page_id=275\" \/>\n<meta property=\"og:locale\" content=\"fr_FR\" \/>\n<meta property=\"og:type\" content=\"article\" \/>\n<meta property=\"og:title\" content=\"2\/ Apporteur d&#039;affaires - bmc-link.com\" \/>\n<meta property=\"og:description\" content=\"Boostez votre activit\u00e9 avec un expert du d\u00e9marchage: Un apporteur d\u2019affaires est un professionnel ind\u00e9pendant qui aide les entreprises \u00e0 d\u00e9velopper leurs ventes en identifiant de nouveaux clients. R\u00e9mun\u00e9r\u00e9 \u00e0 la commission (un pourcentage pr\u00e9d\u00e9fini sur les montants factur\u00e9s), il met en relation des entreprises avec des prestataires qualifi\u00e9s. Ce r\u00f4le offre une solution flexible [&hellip;]\" \/>\n<meta property=\"og:url\" content=\"https:\/\/bmc-link.com\/?page_id=275\" \/>\n<meta property=\"og:site_name\" content=\"bmc-link.com\" \/>\n<meta property=\"article:modified_time\" content=\"2025-01-07T17:45:23+00:00\" \/>\n<meta name=\"twitter:card\" content=\"summary_large_image\" \/>\n<meta name=\"twitter:label1\" content=\"Dur\u00e9e de lecture estim\u00e9e\" \/>\n\t<meta name=\"twitter:data1\" content=\"2 minutes\" \/>\n<script type=\"application\/ld+json\" class=\"yoast-schema-graph\">{\"@context\":\"https:\/\/schema.org\",\"@graph\":[{\"@type\":\"WebPage\",\"@id\":\"https:\/\/bmc-link.com\/?page_id=275\",\"url\":\"https:\/\/bmc-link.com\/?page_id=275\",\"name\":\"2\/ Apporteur d'affaires - bmc-link.com\",\"isPartOf\":{\"@id\":\"https:\/\/bmc-link.com\/#website\"},\"datePublished\":\"2025-01-07T16:53:25+00:00\",\"dateModified\":\"2025-01-07T17:45:23+00:00\",\"breadcrumb\":{\"@id\":\"https:\/\/bmc-link.com\/?page_id=275#breadcrumb\"},\"inLanguage\":\"fr-FR\",\"potentialAction\":[{\"@type\":\"ReadAction\",\"target\":[\"https:\/\/bmc-link.com\/?page_id=275\"]}]},{\"@type\":\"BreadcrumbList\",\"@id\":\"https:\/\/bmc-link.com\/?page_id=275#breadcrumb\",\"itemListElement\":[{\"@type\":\"ListItem\",\"position\":1,\"name\":\"Accueil\",\"item\":\"https:\/\/bmc-link.com\/\"},{\"@type\":\"ListItem\",\"position\":2,\"name\":\"2\/ Apporteur d&rsquo;affaires\"}]},{\"@type\":\"WebSite\",\"@id\":\"https:\/\/bmc-link.com\/#website\",\"url\":\"https:\/\/bmc-link.com\/\",\"name\":\"bmc-link.com\",\"description\":\"\",\"publisher\":{\"@id\":\"https:\/\/bmc-link.com\/#organization\"},\"potentialAction\":[{\"@type\":\"SearchAction\",\"target\":{\"@type\":\"EntryPoint\",\"urlTemplate\":\"https:\/\/bmc-link.com\/?s={search_term_string}\"},\"query-input\":{\"@type\":\"PropertyValueSpecification\",\"valueRequired\":true,\"valueName\":\"search_term_string\"}}],\"inLanguage\":\"fr-FR\"},{\"@type\":\"Organization\",\"@id\":\"https:\/\/bmc-link.com\/#organization\",\"name\":\"bmc-link.com\",\"url\":\"https:\/\/bmc-link.com\/\",\"logo\":{\"@type\":\"ImageObject\",\"inLanguage\":\"fr-FR\",\"@id\":\"https:\/\/bmc-link.com\/#\/schema\/logo\/image\/\",\"url\":\"https:\/\/bmc-link.com\/wp-content\/uploads\/2024\/11\/logo.bmc_.couleur77.png\",\"contentUrl\":\"https:\/\/bmc-link.com\/wp-content\/uploads\/2024\/11\/logo.bmc_.couleur77.png\",\"width\":2045,\"height\":3431,\"caption\":\"bmc-link.com\"},\"image\":{\"@id\":\"https:\/\/bmc-link.com\/#\/schema\/logo\/image\/\"}}]}<\/script>\n<!-- \/ Yoast SEO plugin. -->","yoast_head_json":{"title":"2\/ Apporteur d'affaires - bmc-link.com","robots":{"index":"index","follow":"follow","max-snippet":"max-snippet:-1","max-image-preview":"max-image-preview:large","max-video-preview":"max-video-preview:-1"},"canonical":"https:\/\/bmc-link.com\/?page_id=275","og_locale":"fr_FR","og_type":"article","og_title":"2\/ Apporteur d'affaires - bmc-link.com","og_description":"Boostez votre activit\u00e9 avec un expert du d\u00e9marchage: Un apporteur d\u2019affaires est un professionnel ind\u00e9pendant qui aide les entreprises \u00e0 d\u00e9velopper leurs ventes en identifiant de nouveaux clients. R\u00e9mun\u00e9r\u00e9 \u00e0 la commission (un pourcentage pr\u00e9d\u00e9fini sur les montants factur\u00e9s), il met en relation des entreprises avec des prestataires qualifi\u00e9s. Ce r\u00f4le offre une solution flexible [&hellip;]","og_url":"https:\/\/bmc-link.com\/?page_id=275","og_site_name":"bmc-link.com","article_modified_time":"2025-01-07T17:45:23+00:00","twitter_card":"summary_large_image","twitter_misc":{"Dur\u00e9e de lecture estim\u00e9e":"2 minutes"},"schema":{"@context":"https:\/\/schema.org","@graph":[{"@type":"WebPage","@id":"https:\/\/bmc-link.com\/?page_id=275","url":"https:\/\/bmc-link.com\/?page_id=275","name":"2\/ Apporteur d'affaires - bmc-link.com","isPartOf":{"@id":"https:\/\/bmc-link.com\/#website"},"datePublished":"2025-01-07T16:53:25+00:00","dateModified":"2025-01-07T17:45:23+00:00","breadcrumb":{"@id":"https:\/\/bmc-link.com\/?page_id=275#breadcrumb"},"inLanguage":"fr-FR","potentialAction":[{"@type":"ReadAction","target":["https:\/\/bmc-link.com\/?page_id=275"]}]},{"@type":"BreadcrumbList","@id":"https:\/\/bmc-link.com\/?page_id=275#breadcrumb","itemListElement":[{"@type":"ListItem","position":1,"name":"Accueil","item":"https:\/\/bmc-link.com\/"},{"@type":"ListItem","position":2,"name":"2\/ Apporteur d&rsquo;affaires"}]},{"@type":"WebSite","@id":"https:\/\/bmc-link.com\/#website","url":"https:\/\/bmc-link.com\/","name":"bmc-link.com","description":"","publisher":{"@id":"https:\/\/bmc-link.com\/#organization"},"potentialAction":[{"@type":"SearchAction","target":{"@type":"EntryPoint","urlTemplate":"https:\/\/bmc-link.com\/?s={search_term_string}"},"query-input":{"@type":"PropertyValueSpecification","valueRequired":true,"valueName":"search_term_string"}}],"inLanguage":"fr-FR"},{"@type":"Organization","@id":"https:\/\/bmc-link.com\/#organization","name":"bmc-link.com","url":"https:\/\/bmc-link.com\/","logo":{"@type":"ImageObject","inLanguage":"fr-FR","@id":"https:\/\/bmc-link.com\/#\/schema\/logo\/image\/","url":"https:\/\/bmc-link.com\/wp-content\/uploads\/2024\/11\/logo.bmc_.couleur77.png","contentUrl":"https:\/\/bmc-link.com\/wp-content\/uploads\/2024\/11\/logo.bmc_.couleur77.png","width":2045,"height":3431,"caption":"bmc-link.com"},"image":{"@id":"https:\/\/bmc-link.com\/#\/schema\/logo\/image\/"}}]}},"_links":{"self":[{"href":"https:\/\/bmc-link.com\/index.php?rest_route=\/wp\/v2\/pages\/275","targetHints":{"allow":["GET"]}}],"collection":[{"href":"https:\/\/bmc-link.com\/index.php?rest_route=\/wp\/v2\/pages"}],"about":[{"href":"https:\/\/bmc-link.com\/index.php?rest_route=\/wp\/v2\/types\/page"}],"author":[{"embeddable":true,"href":"https:\/\/bmc-link.com\/index.php?rest_route=\/wp\/v2\/users\/1"}],"replies":[{"embeddable":true,"href":"https:\/\/bmc-link.com\/index.php?rest_route=%2Fwp%2Fv2%2Fcomments&post=275"}],"version-history":[{"count":5,"href":"https:\/\/bmc-link.com\/index.php?rest_route=\/wp\/v2\/pages\/275\/revisions"}],"predecessor-version":[{"id":289,"href":"https:\/\/bmc-link.com\/index.php?rest_route=\/wp\/v2\/pages\/275\/revisions\/289"}],"wp:attachment":[{"href":"https:\/\/bmc-link.com\/index.php?rest_route=%2Fwp%2Fv2%2Fmedia&parent=275"}],"curies":[{"name":"wp","href":"https:\/\/api.w.org\/{rel}","templated":true}]}}