{"id":18,"date":"2023-12-11T11:31:34","date_gmt":"2023-12-11T10:31:34","guid":{"rendered":"https:\/\/bmclink.wordpress.com\/?page_id=18"},"modified":"2025-01-09T16:18:16","modified_gmt":"2025-01-09T15:18:16","slug":"a-propos","status":"publish","type":"page","link":"https:\/\/bmc-link.com\/?page_id=18","title":{"rendered":"\u00c0 propos"},"content":{"rendered":"\n<div class=\"wp-block-group alignfull has-global-padding is-layout-constrained wp-block-group-is-layout-constrained\">\n<div class=\"wp-block-columns alignwide is-layout-flex wp-container-core-columns-is-layout-995ea825 wp-block-columns-is-layout-flex\" style=\"margin-bottom:var(--wp--preset--spacing--70)\">\n<div class=\"wp-block-column is-layout-flow wp-block-column-is-layout-flow\">\n<figure class=\"wp-block-image size-large\"><img loading=\"lazy\" decoding=\"async\" width=\"768\" height=\"1024\" src=\"https:\/\/bmc-link.com\/wp-content\/uploads\/2024\/11\/IMG_8369-768x1024.jpeg\" alt=\"\" class=\"wp-image-261\" srcset=\"https:\/\/bmc-link.com\/wp-content\/uploads\/2024\/11\/IMG_8369-768x1024.jpeg 768w, https:\/\/bmc-link.com\/wp-content\/uploads\/2024\/11\/IMG_8369-225x300.jpeg 225w, https:\/\/bmc-link.com\/wp-content\/uploads\/2024\/11\/IMG_8369-1152x1536.jpeg 1152w, https:\/\/bmc-link.com\/wp-content\/uploads\/2024\/11\/IMG_8369-1536x2048.jpeg 1536w, https:\/\/bmc-link.com\/wp-content\/uploads\/2024\/11\/IMG_8369-scaled.jpeg 1920w\" sizes=\"auto, (max-width: 768px) 100vw, 768px\" \/><\/figure>\n<\/div>\n\n\n\n<div class=\"wp-block-column is-vertically-aligned-center is-layout-flow wp-block-column-is-layout-flow\">\n<h2 class=\"wp-block-heading\">Qui sommes-nous&nbsp;?<\/h2>\n\n\n\n<p>Chez BMC-Link International, nous sommes plus qu&rsquo;un simple nom. Nous sommes une \u00e9quipe d&rsquo;individus passionn\u00e9s engag\u00e9s \u00e0 faire la diff\u00e9rence. Notre mission est de fournir des solutions innovantes et un service exceptionnel, et nous nous engageons \u00e0 servir notre communaut\u00e9, nos clients et nos partenaires avec int\u00e9grit\u00e9, innovation et une touche personnelle.<\/p>\n<\/div>\n<\/div>\n<\/div>\n\n\n\n<div class=\"wp-block-group has-global-padding is-layout-constrained wp-block-group-is-layout-constrained\" style=\"margin-bottom:var(--wp--preset--spacing--70)\">\n<h2 class=\"wp-block-heading\">Notre vision<\/h2>\n\n\n\n<p>Notre vision est d&rsquo;\u00eatre un des meilleurs fournisseur de solutions strat\u00e9giques s\u00e9curitaires et Logistiques, en offrant syst\u00e9matiquement des services exceptionnels et personnalis\u00e9s. Que vous commenciez une nouvelle entreprise ou que vous soyez pr\u00eat \u00e0 vous d\u00e9velopper, notre engagement est de collaborer et de vous propulser vers vos objectifs, vous aidez a attendre votre objectif.<\/p>\n\n\n\n<div class=\"wp-block-group has-global-padding is-layout-constrained wp-container-core-group-is-layout-63184cba wp-block-group-is-layout-constrained\" style=\"margin-top:var(--wp--preset--spacing--60);margin-bottom:var(--wp--preset--spacing--60)\">\n<p class=\"has-x-large-font-size\" style=\"font-style:normal;font-weight:600;line-height:1.25\"> \u00ab\u00a0Un service exceptionnels\u00a0\u00bb<\/p>\n\n\n\n<p class=\"has-small-font-size\">Une aide inconditionnelle<\/p>\n<\/div>\n\n\n\n<h2 class=\"wp-block-heading\">Nos engagements:<\/h2>\n\n\n\n<p><strong><u>Consultant :<\/u><\/strong>&nbsp;Fournir des conseils, de l&rsquo;expertise afin de vous aider \u00e0 r\u00e9soudre des probl\u00e8mes ou am\u00e9liorer des processus. Cela inclus une analyse strat\u00e9gique, des recommandations, de la formation.<\/p>\n\n\n\n<p><strong><u>Conseil :<\/u><\/strong>&nbsp;je vous offrre des conseils strat\u00e9giques, une orientation et de l&rsquo;expertise sur mesure pour r\u00e9pondre \u00e0 vos besoins sp\u00e9cifiques&nbsp;<\/p>\n\n\n\n<p><strong><u>Analyse :<\/u><\/strong>&nbsp;Je collecte et d&rsquo;analyse vos donn\u00e9es, des tendances et des insights, et de vous faire des recommandations fond\u00e9es sur des preuves pour vous \u00e9clairer et vous permettre une meilleure prise de d\u00e9cision.<\/p>\n\n\n\n<p><strong><u>Apporteur d\u2019affaires :<\/u><\/strong>&nbsp;Je vais vous aider \u00e0 une mise en relation de votre entreprise avec des investisseurs en cr\u00e9ant des opportunit\u00e9s commerciales potentielles. Cela implique de comprendre les besoins et d&rsquo;identifier des prospects align\u00e9s.<\/p>\n<\/div>\n\n\n\n<div class=\"wp-block-cover alignfull is-light has-primary-color has-text-color has-link-color wp-elements-ef8a8dcda67e3e0ac807fcff49190aec\" style=\"min-height:620px;aspect-ratio:unset;\"><span aria-hidden=\"true\" class=\"wp-block-cover__background has-background-dim-10 has-background-dim\" style=\"background-color:#FFF\"><\/span><img loading=\"lazy\" decoding=\"async\" width=\"545\" height=\"263\" class=\"wp-block-cover__image-background wp-image-255\" alt=\"\" src=\"https:\/\/bmc-link.com\/wp-content\/uploads\/2024\/11\/IMG_5108.jpeg\" data-object-fit=\"cover\" srcset=\"https:\/\/bmc-link.com\/wp-content\/uploads\/2024\/11\/IMG_5108.jpeg 545w, https:\/\/bmc-link.com\/wp-content\/uploads\/2024\/11\/IMG_5108-300x145.jpeg 300w\" sizes=\"auto, (max-width: 545px) 100vw, 545px\" \/><div class=\"wp-block-cover__inner-container has-global-padding is-layout-constrained wp-block-cover-is-layout-constrained\">\n<h2 class=\"wp-block-heading\"><\/h2>\n\n\n\n<div class=\"wp-block-buttons is-content-justification-center is-layout-flex wp-container-core-buttons-is-layout-a89b3969 wp-block-buttons-is-layout-flex\">\n<div class=\"wp-block-button\"><a class=\"wp-block-button__link has-background-color has-primary-background-color has-text-color has-background has-link-color wp-element-button\">Contactez-nous<\/a><\/div>\n<\/div>\n<\/div><\/div>\n","protected":false},"excerpt":{"rendered":"<p>Qui sommes-nous&nbsp;? Chez BMC-Link International, nous sommes plus qu&rsquo;un simple nom. Nous sommes une \u00e9quipe d&rsquo;individus passionn\u00e9s engag\u00e9s \u00e0 faire la diff\u00e9rence. Notre mission est de fournir des solutions innovantes et un service exceptionnel, et nous nous engageons \u00e0 servir notre communaut\u00e9, nos clients et nos partenaires avec int\u00e9grit\u00e9, innovation et une touche personnelle. Notre [&hellip;]<\/p>\n","protected":false},"author":1,"featured_media":0,"parent":0,"menu_order":11,"comment_status":"closed","ping_status":"closed","template":"","meta":{"footnotes":""},"class_list":["post-18","page","type-page","status-publish","hentry"],"yoast_head":"<!-- This site is optimized with the Yoast SEO plugin v23.8 - https:\/\/yoast.com\/wordpress\/plugins\/seo\/ -->\n<title>\u00c0 propos - bmc-link.com<\/title>\n<meta name=\"robots\" content=\"index, follow, max-snippet:-1, max-image-preview:large, max-video-preview:-1\" \/>\n<link rel=\"canonical\" href=\"https:\/\/bmc-link.com\/?page_id=18\" \/>\n<meta property=\"og:locale\" content=\"fr_FR\" \/>\n<meta property=\"og:type\" content=\"article\" \/>\n<meta property=\"og:title\" content=\"\u00c0 propos - bmc-link.com\" \/>\n<meta property=\"og:description\" content=\"Qui sommes-nous&nbsp;? Chez BMC-Link International, nous sommes plus qu&rsquo;un simple nom. Nous sommes une \u00e9quipe d&rsquo;individus passionn\u00e9s engag\u00e9s \u00e0 faire la diff\u00e9rence. Notre mission est de fournir des solutions innovantes et un service exceptionnel, et nous nous engageons \u00e0 servir notre communaut\u00e9, nos clients et nos partenaires avec int\u00e9grit\u00e9, innovation et une touche personnelle. Notre [&hellip;]\" \/>\n<meta property=\"og:url\" content=\"https:\/\/bmc-link.com\/?page_id=18\" \/>\n<meta property=\"og:site_name\" content=\"bmc-link.com\" \/>\n<meta property=\"article:modified_time\" content=\"2025-01-09T15:18:16+00:00\" \/>\n<meta property=\"og:image\" content=\"https:\/\/bmc-link.com\/wp-content\/uploads\/2024\/11\/IMG_8369-scaled.jpeg\" \/>\n\t<meta property=\"og:image:width\" content=\"1920\" \/>\n\t<meta property=\"og:image:height\" content=\"2560\" \/>\n\t<meta property=\"og:image:type\" content=\"image\/jpeg\" \/>\n<meta name=\"twitter:card\" content=\"summary_large_image\" \/>\n<meta name=\"twitter:label1\" content=\"Dur\u00e9e de lecture estim\u00e9e\" \/>\n\t<meta name=\"twitter:data1\" content=\"1 minute\" \/>\n<script type=\"application\/ld+json\" class=\"yoast-schema-graph\">{\"@context\":\"https:\/\/schema.org\",\"@graph\":[{\"@type\":\"WebPage\",\"@id\":\"https:\/\/bmc-link.com\/?page_id=18\",\"url\":\"https:\/\/bmc-link.com\/?page_id=18\",\"name\":\"\u00c0 propos - bmc-link.com\",\"isPartOf\":{\"@id\":\"https:\/\/bmc-link.com\/#website\"},\"primaryImageOfPage\":{\"@id\":\"https:\/\/bmc-link.com\/?page_id=18#primaryimage\"},\"image\":{\"@id\":\"https:\/\/bmc-link.com\/?page_id=18#primaryimage\"},\"thumbnailUrl\":\"https:\/\/bmc-link.com\/wp-content\/uploads\/2024\/11\/IMG_8369-768x1024.jpeg\",\"datePublished\":\"2023-12-11T10:31:34+00:00\",\"dateModified\":\"2025-01-09T15:18:16+00:00\",\"breadcrumb\":{\"@id\":\"https:\/\/bmc-link.com\/?page_id=18#breadcrumb\"},\"inLanguage\":\"fr-FR\",\"potentialAction\":[{\"@type\":\"ReadAction\",\"target\":[\"https:\/\/bmc-link.com\/?page_id=18\"]}]},{\"@type\":\"ImageObject\",\"inLanguage\":\"fr-FR\",\"@id\":\"https:\/\/bmc-link.com\/?page_id=18#primaryimage\",\"url\":\"https:\/\/bmc-link.com\/wp-content\/uploads\/2024\/11\/IMG_8369-scaled.jpeg\",\"contentUrl\":\"https:\/\/bmc-link.com\/wp-content\/uploads\/2024\/11\/IMG_8369-scaled.jpeg\",\"width\":1920,\"height\":2560},{\"@type\":\"BreadcrumbList\",\"@id\":\"https:\/\/bmc-link.com\/?page_id=18#breadcrumb\",\"itemListElement\":[{\"@type\":\"ListItem\",\"position\":1,\"name\":\"Accueil\",\"item\":\"https:\/\/bmc-link.com\/\"},{\"@type\":\"ListItem\",\"position\":2,\"name\":\"\u00c0 propos\"}]},{\"@type\":\"WebSite\",\"@id\":\"https:\/\/bmc-link.com\/#website\",\"url\":\"https:\/\/bmc-link.com\/\",\"name\":\"bmc-link.com\",\"description\":\"\",\"publisher\":{\"@id\":\"https:\/\/bmc-link.com\/#organization\"},\"potentialAction\":[{\"@type\":\"SearchAction\",\"target\":{\"@type\":\"EntryPoint\",\"urlTemplate\":\"https:\/\/bmc-link.com\/?s={search_term_string}\"},\"query-input\":{\"@type\":\"PropertyValueSpecification\",\"valueRequired\":true,\"valueName\":\"search_term_string\"}}],\"inLanguage\":\"fr-FR\"},{\"@type\":\"Organization\",\"@id\":\"https:\/\/bmc-link.com\/#organization\",\"name\":\"bmc-link.com\",\"url\":\"https:\/\/bmc-link.com\/\",\"logo\":{\"@type\":\"ImageObject\",\"inLanguage\":\"fr-FR\",\"@id\":\"https:\/\/bmc-link.com\/#\/schema\/logo\/image\/\",\"url\":\"https:\/\/bmc-link.com\/wp-content\/uploads\/2024\/11\/logo.bmc_.couleur77.png\",\"contentUrl\":\"https:\/\/bmc-link.com\/wp-content\/uploads\/2024\/11\/logo.bmc_.couleur77.png\",\"width\":2045,\"height\":3431,\"caption\":\"bmc-link.com\"},\"image\":{\"@id\":\"https:\/\/bmc-link.com\/#\/schema\/logo\/image\/\"}}]}<\/script>\n<!-- \/ Yoast SEO plugin. -->","yoast_head_json":{"title":"\u00c0 propos - bmc-link.com","robots":{"index":"index","follow":"follow","max-snippet":"max-snippet:-1","max-image-preview":"max-image-preview:large","max-video-preview":"max-video-preview:-1"},"canonical":"https:\/\/bmc-link.com\/?page_id=18","og_locale":"fr_FR","og_type":"article","og_title":"\u00c0 propos - bmc-link.com","og_description":"Qui sommes-nous&nbsp;? Chez BMC-Link International, nous sommes plus qu&rsquo;un simple nom. Nous sommes une \u00e9quipe d&rsquo;individus passionn\u00e9s engag\u00e9s \u00e0 faire la diff\u00e9rence. Notre mission est de fournir des solutions innovantes et un service exceptionnel, et nous nous engageons \u00e0 servir notre communaut\u00e9, nos clients et nos partenaires avec int\u00e9grit\u00e9, innovation et une touche personnelle. Notre [&hellip;]","og_url":"https:\/\/bmc-link.com\/?page_id=18","og_site_name":"bmc-link.com","article_modified_time":"2025-01-09T15:18:16+00:00","og_image":[{"width":1920,"height":2560,"url":"https:\/\/bmc-link.com\/wp-content\/uploads\/2024\/11\/IMG_8369-scaled.jpeg","type":"image\/jpeg"}],"twitter_card":"summary_large_image","twitter_misc":{"Dur\u00e9e de lecture estim\u00e9e":"1 minute"},"schema":{"@context":"https:\/\/schema.org","@graph":[{"@type":"WebPage","@id":"https:\/\/bmc-link.com\/?page_id=18","url":"https:\/\/bmc-link.com\/?page_id=18","name":"\u00c0 propos - bmc-link.com","isPartOf":{"@id":"https:\/\/bmc-link.com\/#website"},"primaryImageOfPage":{"@id":"https:\/\/bmc-link.com\/?page_id=18#primaryimage"},"image":{"@id":"https:\/\/bmc-link.com\/?page_id=18#primaryimage"},"thumbnailUrl":"https:\/\/bmc-link.com\/wp-content\/uploads\/2024\/11\/IMG_8369-768x1024.jpeg","datePublished":"2023-12-11T10:31:34+00:00","dateModified":"2025-01-09T15:18:16+00:00","breadcrumb":{"@id":"https:\/\/bmc-link.com\/?page_id=18#breadcrumb"},"inLanguage":"fr-FR","potentialAction":[{"@type":"ReadAction","target":["https:\/\/bmc-link.com\/?page_id=18"]}]},{"@type":"ImageObject","inLanguage":"fr-FR","@id":"https:\/\/bmc-link.com\/?page_id=18#primaryimage","url":"https:\/\/bmc-link.com\/wp-content\/uploads\/2024\/11\/IMG_8369-scaled.jpeg","contentUrl":"https:\/\/bmc-link.com\/wp-content\/uploads\/2024\/11\/IMG_8369-scaled.jpeg","width":1920,"height":2560},{"@type":"BreadcrumbList","@id":"https:\/\/bmc-link.com\/?page_id=18#breadcrumb","itemListElement":[{"@type":"ListItem","position":1,"name":"Accueil","item":"https:\/\/bmc-link.com\/"},{"@type":"ListItem","position":2,"name":"\u00c0 propos"}]},{"@type":"WebSite","@id":"https:\/\/bmc-link.com\/#website","url":"https:\/\/bmc-link.com\/","name":"bmc-link.com","description":"","publisher":{"@id":"https:\/\/bmc-link.com\/#organization"},"potentialAction":[{"@type":"SearchAction","target":{"@type":"EntryPoint","urlTemplate":"https:\/\/bmc-link.com\/?s={search_term_string}"},"query-input":{"@type":"PropertyValueSpecification","valueRequired":true,"valueName":"search_term_string"}}],"inLanguage":"fr-FR"},{"@type":"Organization","@id":"https:\/\/bmc-link.com\/#organization","name":"bmc-link.com","url":"https:\/\/bmc-link.com\/","logo":{"@type":"ImageObject","inLanguage":"fr-FR","@id":"https:\/\/bmc-link.com\/#\/schema\/logo\/image\/","url":"https:\/\/bmc-link.com\/wp-content\/uploads\/2024\/11\/logo.bmc_.couleur77.png","contentUrl":"https:\/\/bmc-link.com\/wp-content\/uploads\/2024\/11\/logo.bmc_.couleur77.png","width":2045,"height":3431,"caption":"bmc-link.com"},"image":{"@id":"https:\/\/bmc-link.com\/#\/schema\/logo\/image\/"}}]}},"_links":{"self":[{"href":"https:\/\/bmc-link.com\/index.php?rest_route=\/wp\/v2\/pages\/18","targetHints":{"allow":["GET"]}}],"collection":[{"href":"https:\/\/bmc-link.com\/index.php?rest_route=\/wp\/v2\/pages"}],"about":[{"href":"https:\/\/bmc-link.com\/index.php?rest_route=\/wp\/v2\/types\/page"}],"author":[{"embeddable":true,"href":"https:\/\/bmc-link.com\/index.php?rest_route=\/wp\/v2\/users\/1"}],"replies":[{"embeddable":true,"href":"https:\/\/bmc-link.com\/index.php?rest_route=%2Fwp%2Fv2%2Fcomments&post=18"}],"version-history":[{"count":3,"href":"https:\/\/bmc-link.com\/index.php?rest_route=\/wp\/v2\/pages\/18\/revisions"}],"predecessor-version":[{"id":265,"href":"https:\/\/bmc-link.com\/index.php?rest_route=\/wp\/v2\/pages\/18\/revisions\/265"}],"wp:attachment":[{"href":"https:\/\/bmc-link.com\/index.php?rest_route=%2Fwp%2Fv2%2Fmedia&parent=18"}],"curies":[{"name":"wp","href":"https:\/\/api.w.org\/{rel}","templated":true}]}}