{"id":146,"date":"2024-10-28T16:31:45","date_gmt":"2024-10-28T15:31:45","guid":{"rendered":"https:\/\/bmc-link.com\/?page_id=146"},"modified":"2025-01-07T17:59:17","modified_gmt":"2025-01-07T16:59:17","slug":"bmc-link-international","status":"publish","type":"page","link":"https:\/\/bmc-link.com\/","title":{"rendered":"QUI SOMMES NOUS!"},"content":{"rendered":"\n<div class=\"wp-block-group alignfull has-global-padding is-content-justification-center is-layout-constrained wp-container-core-group-is-layout-df757ecc wp-block-group-is-layout-constrained\" style=\"margin-top:0;margin-bottom:0;padding-top:calc( 0.5 * var(--wp--style--root--padding-right, var(--wp--custom--gap--horizontal)));padding-right:var(--wp--style--root--padding-right, var(--wp--custom--gap--horizontal));padding-bottom:calc( 0.5 * var(--wp--style--root--padding-right, var(--wp--custom--gap--horizontal)));padding-left:var(--wp--style--root--padding-left, var(--wp--custom--gap--horizontal))\">\n<div style=\"height:calc( 0.25 * var(--wp--style--root--padding-right, var(--wp--custom--gap--horizontal)))\" aria-hidden=\"true\" class=\"wp-block-spacer\"><\/div>\n\n\n\n<div class=\"wp-block-columns alignwide is-layout-flex wp-container-core-columns-is-layout-28f84493 wp-block-columns-is-layout-flex\">\n<div class=\"wp-block-column is-layout-flow wp-container-core-column-is-layout-22223934 wp-block-column-is-layout-flow\" style=\"flex-basis:50%\">\n<h2 class=\"wp-block-heading\"><\/h2>\n<\/div>\n\n\n\n<div class=\"wp-block-column is-layout-flow wp-block-column-is-layout-flow\" style=\"flex-basis:50%\">\n<p>Nous sommes une Soci\u00e9t\u00e9 de conseil sp\u00e9cialis\u00e9e dans l&rsquo;accompagnement strat\u00e9gique et op\u00e9rationnel des entreprises. Nous intervenons aupr\u00e8s de PME et grands groupes sur des missions de conseil en strat\u00e9gie, organisation, performance op\u00e9rationnelle, conduite du changement et portage de projets strat\u00e9giques.<\/p>\n\n\n\n<p>Bienvenue dans un monde de possibilit\u00e9s illimit\u00e9es, o\u00f9 le voyage est aussi excitant que la destination, et o\u00f9 chaque instant est une opportunit\u00e9 de laisser votre empreinte sur la toile de l&rsquo;existence. La seule limite est l&rsquo;\u00e9tendue de votre imagination.<\/p>\n<\/div>\n<\/div>\n\n\n\n<div style=\"height:calc( 0.25 * var(--wp--style--root--padding-right, var(--wp--custom--gap--horizontal)))\" aria-hidden=\"true\" class=\"wp-block-spacer\"><\/div>\n<\/div>\n\n\n\n<div class=\"wp-block-group alignfull has-global-padding is-content-justification-center is-layout-constrained wp-container-core-group-is-layout-df757ecc wp-block-group-is-layout-constrained\" style=\"margin-top:0;margin-bottom:0;padding-top:calc( 0.5 * var(--wp--style--root--padding-right, var(--wp--custom--gap--horizontal)));padding-right:var(--wp--style--root--padding-right, var(--wp--custom--gap--horizontal));padding-bottom:calc( 0.5 * var(--wp--style--root--padding-right, var(--wp--custom--gap--horizontal)));padding-left:var(--wp--style--root--padding-left, var(--wp--custom--gap--horizontal))\">\n<div style=\"height:calc( 0.25 * var(--wp--style--root--padding-right, var(--wp--custom--gap--horizontal)))\" aria-hidden=\"true\" class=\"wp-block-spacer\"><\/div>\n\n\n\n<div class=\"wp-block-columns alignwide is-layout-flex wp-container-core-columns-is-layout-28f84493 wp-block-columns-is-layout-flex\">\n<div class=\"wp-block-column is-layout-flow wp-block-column-is-layout-flow\">\n<h3 class=\"wp-block-heading has-medium-font-size\">Notre Histoire<\/h3>\n\n\n\n<p>Notre \u00e9quipe poss\u00e8de une exp\u00e9rience reconnue dans de nombreux secteurs d&rsquo;activit\u00e9s. Nous saisissons rapidement les enjeux auxquels sont confront\u00e9s nos clients pour leur apporter une r\u00e9ponse personnalis\u00e9e et pragmatique.<\/p>\n\n\n\n<div style=\"height:calc( 0.25 * var(--wp--style--root--padding-right, var(--wp--custom--gap--horizontal)))\" aria-hidden=\"true\" class=\"wp-block-spacer\"><\/div>\n\n\n\n<figure class=\"wp-block-image size-full\"><img loading=\"lazy\" decoding=\"async\" width=\"1920\" height=\"2560\" src=\"https:\/\/bmc-link.com\/wp-content\/uploads\/2024\/11\/img_7814-scaled.jpeg\" alt=\"\" class=\"wp-image-191\" style=\"aspect-ratio:3\/4;object-fit:cover\" srcset=\"https:\/\/bmc-link.com\/wp-content\/uploads\/2024\/11\/img_7814-scaled.jpeg 1920w, https:\/\/bmc-link.com\/wp-content\/uploads\/2024\/11\/img_7814-225x300.jpeg 225w, https:\/\/bmc-link.com\/wp-content\/uploads\/2024\/11\/img_7814-768x1024.jpeg 768w, https:\/\/bmc-link.com\/wp-content\/uploads\/2024\/11\/img_7814-1152x1536.jpeg 1152w, https:\/\/bmc-link.com\/wp-content\/uploads\/2024\/11\/img_7814-1536x2048.jpeg 1536w\" sizes=\"auto, (max-width: 1920px) 100vw, 1920px\" \/><\/figure>\n<\/div>\n\n\n\n<div class=\"wp-block-column is-layout-flow wp-container-core-column-is-layout-5dafc681 wp-block-column-is-layout-flow\">\n<div class=\"wp-block-media-text has-media-on-the-right is-stacked-on-mobile\"><div class=\"wp-block-media-text__content\">\n<p>Nous vous accompagnons<\/p>\n<\/div><figure class=\"wp-block-media-text__media\"><img loading=\"lazy\" decoding=\"async\" width=\"2045\" height=\"3431\" src=\"https:\/\/bmc-link.com\/wp-content\/uploads\/2024\/11\/logo.bmc_.couleur77.png\" alt=\"\" class=\"wp-image-224 size-full\" srcset=\"https:\/\/bmc-link.com\/wp-content\/uploads\/2024\/11\/logo.bmc_.couleur77.png 2045w, https:\/\/bmc-link.com\/wp-content\/uploads\/2024\/11\/logo.bmc_.couleur77-179x300.png 179w, https:\/\/bmc-link.com\/wp-content\/uploads\/2024\/11\/logo.bmc_.couleur77-610x1024.png 610w, https:\/\/bmc-link.com\/wp-content\/uploads\/2024\/11\/logo.bmc_.couleur77-768x1289.png 768w, https:\/\/bmc-link.com\/wp-content\/uploads\/2024\/11\/logo.bmc_.couleur77-916x1536.png 916w, https:\/\/bmc-link.com\/wp-content\/uploads\/2024\/11\/logo.bmc_.couleur77-1221x2048.png 1221w\" sizes=\"auto, (max-width: 2045px) 100vw, 2045px\" \/><\/figure><\/div>\n<\/div>\n<\/div>\n\n\n\n<div style=\"height:calc( 0.25 * var(--wp--style--root--padding-right, var(--wp--custom--gap--horizontal)))\" aria-hidden=\"true\" class=\"wp-block-spacer\"><\/div>\n\n\n\n<figure class=\"wp-block-image size-full\"><img loading=\"lazy\" decoding=\"async\" width=\"1920\" height=\"2560\" src=\"https:\/\/bmc-link.com\/wp-content\/uploads\/2024\/11\/img_6027-scaled.jpeg\" alt=\"\" class=\"wp-image-186\" srcset=\"https:\/\/bmc-link.com\/wp-content\/uploads\/2024\/11\/img_6027-scaled.jpeg 1920w, https:\/\/bmc-link.com\/wp-content\/uploads\/2024\/11\/img_6027-225x300.jpeg 225w, https:\/\/bmc-link.com\/wp-content\/uploads\/2024\/11\/img_6027-768x1024.jpeg 768w, https:\/\/bmc-link.com\/wp-content\/uploads\/2024\/11\/img_6027-1152x1536.jpeg 1152w, https:\/\/bmc-link.com\/wp-content\/uploads\/2024\/11\/img_6027-1536x2048.jpeg 1536w\" sizes=\"auto, (max-width: 1920px) 100vw, 1920px\" \/><\/figure>\n<\/div>\n\n\n\n<div class=\"wp-block-group alignfull has-global-padding is-content-justification-center is-layout-constrained wp-container-core-group-is-layout-df757ecc wp-block-group-is-layout-constrained\" style=\"margin-top:0;margin-bottom:0;padding-top:calc( 0.5 * var(--wp--style--root--padding-right, var(--wp--custom--gap--horizontal)));padding-right:var(--wp--style--root--padding-right, var(--wp--custom--gap--horizontal));padding-bottom:calc( 0.5 * var(--wp--style--root--padding-right, var(--wp--custom--gap--horizontal)));padding-left:var(--wp--style--root--padding-left, var(--wp--custom--gap--horizontal))\">\n<div style=\"height:calc( 0.25 * var(--wp--style--root--padding-right, var(--wp--custom--gap--horizontal)))\" aria-hidden=\"true\" class=\"wp-block-spacer\"><\/div>\n\n\n\n<div class=\"wp-block-columns alignwide is-layout-flex wp-container-core-columns-is-layout-549b0c86 wp-block-columns-is-layout-flex\">\n<div class=\"wp-block-column is-layout-flow wp-block-column-is-layout-flow\">\n<h3 class=\"wp-block-heading has-text-align-left has-medium-font-size\">NOTRE COEUR DE M\u00c9TIER !<\/h3>\n\n\n\n<p class=\"has-text-align-left\">Notre point fort dominant est d\u00e9di\u00e9 au portage d&rsquo;affaires, \u00e0 l&rsquo;accompagnement entrepreneurial et la mise en relation. Nous apportons notre connaissance en mati\u00e8re de contact International. Nous les accompagnons jusqu&rsquo;\u00e0 la mise sur le march\u00e9 r\u00e9ussie de leur offre.<\/p>\n<\/div>\n\n\n\n<div class=\"wp-block-column is-layout-flow wp-block-column-is-layout-flow\">\n<h3 class=\"wp-block-heading has-text-align-left has-medium-font-size\">Votre imagination n&rsquo;a pas de limite<\/h3>\n\n\n\n<p class=\"has-text-align-left\">Un espace o\u00f9 tout est possible, sans limites, o\u00f9 chaque id\u00e9e peut prendre vie et o\u00f9 l&rsquo;on peut explorer des mondes, des concepts et des \u00e9motions sans contrainte. C\u2019est un privil\u00e8ge de pouvoir partager cette cr\u00e9ativit\u00e9 avec vous, de r\u00e9fl\u00e9chir ensemble, de construire des id\u00e9es et d&rsquo;inventer \u00e0 l&rsquo;infini.<\/p>\n<\/div>\n\n\n\n<div class=\"wp-block-column is-layout-flow wp-block-column-is-layout-flow\">\n<h3 class=\"wp-block-heading has-text-align-left has-medium-font-size\"><em>christophe.boulant@bmc-link.com<\/em><\/h3>\n<\/div>\n<\/div>\n\n\n\n<div style=\"height:calc( 0.25 * var(--wp--style--root--padding-right, var(--wp--custom--gap--horizontal)))\" aria-hidden=\"true\" class=\"wp-block-spacer\"><\/div>\n<\/div>\n\n\n\n<div class=\"wp-block-group alignfull has-global-padding is-content-justification-center is-layout-constrained wp-container-core-group-is-layout-df757ecc wp-block-group-is-layout-constrained\" style=\"margin-top:0;margin-bottom:0;padding-top:calc( 0.5 * var(--wp--style--root--padding-right, var(--wp--custom--gap--horizontal)));padding-right:var(--wp--style--root--padding-right, var(--wp--custom--gap--horizontal));padding-bottom:calc( 0.5 * var(--wp--style--root--padding-right, var(--wp--custom--gap--horizontal)));padding-left:var(--wp--style--root--padding-left, var(--wp--custom--gap--horizontal))\">\n<div style=\"height:calc( 0.25 * var(--wp--style--root--padding-right, var(--wp--custom--gap--horizontal)))\" aria-hidden=\"true\" class=\"wp-block-spacer\"><\/div>\n\n\n\n<div class=\"wp-block-columns alignwide is-layout-flex wp-container-core-columns-is-layout-28f84493 wp-block-columns-is-layout-flex\">\n<div class=\"wp-block-column is-vertically-aligned-bottom is-layout-flow wp-block-column-is-layout-flow\">\n<figure class=\"wp-block-image size-full\"><img loading=\"lazy\" decoding=\"async\" width=\"2560\" height=\"2560\" src=\"https:\/\/bmc-link.com\/wp-content\/uploads\/2024\/11\/4b7af794-06ec-4fbb-9ed6-5e9359b40336-scaled.jpg\" alt=\"\" class=\"wp-image-185\" style=\"aspect-ratio:1;object-fit:cover\" srcset=\"https:\/\/bmc-link.com\/wp-content\/uploads\/2024\/11\/4b7af794-06ec-4fbb-9ed6-5e9359b40336-scaled.jpg 2560w, https:\/\/bmc-link.com\/wp-content\/uploads\/2024\/11\/4b7af794-06ec-4fbb-9ed6-5e9359b40336-300x300.jpg 300w, https:\/\/bmc-link.com\/wp-content\/uploads\/2024\/11\/4b7af794-06ec-4fbb-9ed6-5e9359b40336-1024x1024.jpg 1024w, https:\/\/bmc-link.com\/wp-content\/uploads\/2024\/11\/4b7af794-06ec-4fbb-9ed6-5e9359b40336-150x150.jpg 150w, https:\/\/bmc-link.com\/wp-content\/uploads\/2024\/11\/4b7af794-06ec-4fbb-9ed6-5e9359b40336-768x768.jpg 768w, https:\/\/bmc-link.com\/wp-content\/uploads\/2024\/11\/4b7af794-06ec-4fbb-9ed6-5e9359b40336-1536x1536.jpg 1536w, https:\/\/bmc-link.com\/wp-content\/uploads\/2024\/11\/4b7af794-06ec-4fbb-9ed6-5e9359b40336-2048x2048.jpg 2048w\" sizes=\"auto, (max-width: 2560px) 100vw, 2560px\" \/><\/figure>\n<\/div>\n\n\n\n<div class=\"wp-block-column is-vertically-aligned-center is-layout-flow wp-block-column-is-layout-flow\"><\/div>\n<\/div>\n\n\n\n<div style=\"height:calc( 0.25 * var(--wp--style--root--padding-right, var(--wp--custom--gap--horizontal)))\" aria-hidden=\"true\" class=\"wp-block-spacer\"><\/div>\n<\/div>\n","protected":false},"excerpt":{"rendered":"<p>Nous sommes une Soci\u00e9t\u00e9 de conseil sp\u00e9cialis\u00e9e dans l&rsquo;accompagnement strat\u00e9gique et op\u00e9rationnel des entreprises. Nous intervenons aupr\u00e8s de PME et grands groupes sur des missions de conseil en strat\u00e9gie, organisation, performance op\u00e9rationnelle, conduite du changement et portage de projets strat\u00e9giques. Bienvenue dans un monde de possibilit\u00e9s illimit\u00e9es, o\u00f9 le voyage est aussi excitant que la [&hellip;]<\/p>\n","protected":false},"author":1,"featured_media":0,"parent":0,"menu_order":1,"comment_status":"closed","ping_status":"closed","template":"","meta":{"footnotes":""},"class_list":["post-146","page","type-page","status-publish","hentry"],"yoast_head":"<!-- This site is optimized with the Yoast SEO plugin v23.8 - https:\/\/yoast.com\/wordpress\/plugins\/seo\/ -->\n<title>QUI SOMMES NOUS! - bmc-link.com<\/title>\n<meta name=\"robots\" content=\"index, follow, max-snippet:-1, max-image-preview:large, max-video-preview:-1\" \/>\n<link rel=\"canonical\" href=\"https:\/\/bmc-link.com\/\" \/>\n<meta property=\"og:locale\" content=\"fr_FR\" \/>\n<meta property=\"og:type\" content=\"article\" \/>\n<meta property=\"og:title\" content=\"QUI SOMMES NOUS! - bmc-link.com\" \/>\n<meta property=\"og:description\" content=\"Nous sommes une Soci\u00e9t\u00e9 de conseil sp\u00e9cialis\u00e9e dans l&rsquo;accompagnement strat\u00e9gique et op\u00e9rationnel des entreprises. Nous intervenons aupr\u00e8s de PME et grands groupes sur des missions de conseil en strat\u00e9gie, organisation, performance op\u00e9rationnelle, conduite du changement et portage de projets strat\u00e9giques. Bienvenue dans un monde de possibilit\u00e9s illimit\u00e9es, o\u00f9 le voyage est aussi excitant que la [&hellip;]\" \/>\n<meta property=\"og:url\" content=\"https:\/\/bmc-link.com\/\" \/>\n<meta property=\"og:site_name\" content=\"bmc-link.com\" \/>\n<meta property=\"article:modified_time\" content=\"2025-01-07T16:59:17+00:00\" \/>\n<meta property=\"og:image\" content=\"https:\/\/bmc-link.com\/wp-content\/uploads\/2024\/11\/img_7814-scaled.jpeg\" \/>\n\t<meta property=\"og:image:width\" content=\"1920\" \/>\n\t<meta property=\"og:image:height\" content=\"2560\" \/>\n\t<meta property=\"og:image:type\" content=\"image\/jpeg\" \/>\n<meta name=\"twitter:card\" content=\"summary_large_image\" \/>\n<meta name=\"twitter:label1\" content=\"Dur\u00e9e de lecture estim\u00e9e\" \/>\n\t<meta name=\"twitter:data1\" content=\"2 minutes\" \/>\n<script type=\"application\/ld+json\" class=\"yoast-schema-graph\">{\"@context\":\"https:\/\/schema.org\",\"@graph\":[{\"@type\":\"WebPage\",\"@id\":\"https:\/\/bmc-link.com\/\",\"url\":\"https:\/\/bmc-link.com\/\",\"name\":\"QUI SOMMES NOUS! - bmc-link.com\",\"isPartOf\":{\"@id\":\"https:\/\/bmc-link.com\/#website\"},\"primaryImageOfPage\":{\"@id\":\"https:\/\/bmc-link.com\/#primaryimage\"},\"image\":{\"@id\":\"https:\/\/bmc-link.com\/#primaryimage\"},\"thumbnailUrl\":\"https:\/\/bmc-link.com\/wp-content\/uploads\/2024\/11\/img_7814-scaled.jpeg\",\"datePublished\":\"2024-10-28T15:31:45+00:00\",\"dateModified\":\"2025-01-07T16:59:17+00:00\",\"breadcrumb\":{\"@id\":\"https:\/\/bmc-link.com\/#breadcrumb\"},\"inLanguage\":\"fr-FR\",\"potentialAction\":[{\"@type\":\"ReadAction\",\"target\":[\"https:\/\/bmc-link.com\/\"]}]},{\"@type\":\"ImageObject\",\"inLanguage\":\"fr-FR\",\"@id\":\"https:\/\/bmc-link.com\/#primaryimage\",\"url\":\"https:\/\/bmc-link.com\/wp-content\/uploads\/2024\/11\/img_7814-scaled.jpeg\",\"contentUrl\":\"https:\/\/bmc-link.com\/wp-content\/uploads\/2024\/11\/img_7814-scaled.jpeg\",\"width\":1920,\"height\":2560},{\"@type\":\"BreadcrumbList\",\"@id\":\"https:\/\/bmc-link.com\/#breadcrumb\",\"itemListElement\":[{\"@type\":\"ListItem\",\"position\":1,\"name\":\"Accueil\",\"item\":\"https:\/\/bmc-link.com\/\"},{\"@type\":\"ListItem\",\"position\":2,\"name\":\"QUI SOMMES NOUS!\"}]},{\"@type\":\"WebSite\",\"@id\":\"https:\/\/bmc-link.com\/#website\",\"url\":\"https:\/\/bmc-link.com\/\",\"name\":\"bmc-link.com\",\"description\":\"\",\"publisher\":{\"@id\":\"https:\/\/bmc-link.com\/#organization\"},\"potentialAction\":[{\"@type\":\"SearchAction\",\"target\":{\"@type\":\"EntryPoint\",\"urlTemplate\":\"https:\/\/bmc-link.com\/?s={search_term_string}\"},\"query-input\":{\"@type\":\"PropertyValueSpecification\",\"valueRequired\":true,\"valueName\":\"search_term_string\"}}],\"inLanguage\":\"fr-FR\"},{\"@type\":\"Organization\",\"@id\":\"https:\/\/bmc-link.com\/#organization\",\"name\":\"bmc-link.com\",\"url\":\"https:\/\/bmc-link.com\/\",\"logo\":{\"@type\":\"ImageObject\",\"inLanguage\":\"fr-FR\",\"@id\":\"https:\/\/bmc-link.com\/#\/schema\/logo\/image\/\",\"url\":\"https:\/\/bmc-link.com\/wp-content\/uploads\/2024\/11\/logo.bmc_.couleur77.png\",\"contentUrl\":\"https:\/\/bmc-link.com\/wp-content\/uploads\/2024\/11\/logo.bmc_.couleur77.png\",\"width\":2045,\"height\":3431,\"caption\":\"bmc-link.com\"},\"image\":{\"@id\":\"https:\/\/bmc-link.com\/#\/schema\/logo\/image\/\"}}]}<\/script>\n<!-- \/ Yoast SEO plugin. -->","yoast_head_json":{"title":"QUI SOMMES NOUS! - bmc-link.com","robots":{"index":"index","follow":"follow","max-snippet":"max-snippet:-1","max-image-preview":"max-image-preview:large","max-video-preview":"max-video-preview:-1"},"canonical":"https:\/\/bmc-link.com\/","og_locale":"fr_FR","og_type":"article","og_title":"QUI SOMMES NOUS! - bmc-link.com","og_description":"Nous sommes une Soci\u00e9t\u00e9 de conseil sp\u00e9cialis\u00e9e dans l&rsquo;accompagnement strat\u00e9gique et op\u00e9rationnel des entreprises. Nous intervenons aupr\u00e8s de PME et grands groupes sur des missions de conseil en strat\u00e9gie, organisation, performance op\u00e9rationnelle, conduite du changement et portage de projets strat\u00e9giques. Bienvenue dans un monde de possibilit\u00e9s illimit\u00e9es, o\u00f9 le voyage est aussi excitant que la [&hellip;]","og_url":"https:\/\/bmc-link.com\/","og_site_name":"bmc-link.com","article_modified_time":"2025-01-07T16:59:17+00:00","og_image":[{"width":1920,"height":2560,"url":"https:\/\/bmc-link.com\/wp-content\/uploads\/2024\/11\/img_7814-scaled.jpeg","type":"image\/jpeg"}],"twitter_card":"summary_large_image","twitter_misc":{"Dur\u00e9e de lecture estim\u00e9e":"2 minutes"},"schema":{"@context":"https:\/\/schema.org","@graph":[{"@type":"WebPage","@id":"https:\/\/bmc-link.com\/","url":"https:\/\/bmc-link.com\/","name":"QUI SOMMES NOUS! - bmc-link.com","isPartOf":{"@id":"https:\/\/bmc-link.com\/#website"},"primaryImageOfPage":{"@id":"https:\/\/bmc-link.com\/#primaryimage"},"image":{"@id":"https:\/\/bmc-link.com\/#primaryimage"},"thumbnailUrl":"https:\/\/bmc-link.com\/wp-content\/uploads\/2024\/11\/img_7814-scaled.jpeg","datePublished":"2024-10-28T15:31:45+00:00","dateModified":"2025-01-07T16:59:17+00:00","breadcrumb":{"@id":"https:\/\/bmc-link.com\/#breadcrumb"},"inLanguage":"fr-FR","potentialAction":[{"@type":"ReadAction","target":["https:\/\/bmc-link.com\/"]}]},{"@type":"ImageObject","inLanguage":"fr-FR","@id":"https:\/\/bmc-link.com\/#primaryimage","url":"https:\/\/bmc-link.com\/wp-content\/uploads\/2024\/11\/img_7814-scaled.jpeg","contentUrl":"https:\/\/bmc-link.com\/wp-content\/uploads\/2024\/11\/img_7814-scaled.jpeg","width":1920,"height":2560},{"@type":"BreadcrumbList","@id":"https:\/\/bmc-link.com\/#breadcrumb","itemListElement":[{"@type":"ListItem","position":1,"name":"Accueil","item":"https:\/\/bmc-link.com\/"},{"@type":"ListItem","position":2,"name":"QUI SOMMES NOUS!"}]},{"@type":"WebSite","@id":"https:\/\/bmc-link.com\/#website","url":"https:\/\/bmc-link.com\/","name":"bmc-link.com","description":"","publisher":{"@id":"https:\/\/bmc-link.com\/#organization"},"potentialAction":[{"@type":"SearchAction","target":{"@type":"EntryPoint","urlTemplate":"https:\/\/bmc-link.com\/?s={search_term_string}"},"query-input":{"@type":"PropertyValueSpecification","valueRequired":true,"valueName":"search_term_string"}}],"inLanguage":"fr-FR"},{"@type":"Organization","@id":"https:\/\/bmc-link.com\/#organization","name":"bmc-link.com","url":"https:\/\/bmc-link.com\/","logo":{"@type":"ImageObject","inLanguage":"fr-FR","@id":"https:\/\/bmc-link.com\/#\/schema\/logo\/image\/","url":"https:\/\/bmc-link.com\/wp-content\/uploads\/2024\/11\/logo.bmc_.couleur77.png","contentUrl":"https:\/\/bmc-link.com\/wp-content\/uploads\/2024\/11\/logo.bmc_.couleur77.png","width":2045,"height":3431,"caption":"bmc-link.com"},"image":{"@id":"https:\/\/bmc-link.com\/#\/schema\/logo\/image\/"}}]}},"_links":{"self":[{"href":"https:\/\/bmc-link.com\/index.php?rest_route=\/wp\/v2\/pages\/146","targetHints":{"allow":["GET"]}}],"collection":[{"href":"https:\/\/bmc-link.com\/index.php?rest_route=\/wp\/v2\/pages"}],"about":[{"href":"https:\/\/bmc-link.com\/index.php?rest_route=\/wp\/v2\/types\/page"}],"author":[{"embeddable":true,"href":"https:\/\/bmc-link.com\/index.php?rest_route=\/wp\/v2\/users\/1"}],"replies":[{"embeddable":true,"href":"https:\/\/bmc-link.com\/index.php?rest_route=%2Fwp%2Fv2%2Fcomments&post=146"}],"version-history":[{"count":3,"href":"https:\/\/bmc-link.com\/index.php?rest_route=\/wp\/v2\/pages\/146\/revisions"}],"predecessor-version":[{"id":282,"href":"https:\/\/bmc-link.com\/index.php?rest_route=\/wp\/v2\/pages\/146\/revisions\/282"}],"wp:attachment":[{"href":"https:\/\/bmc-link.com\/index.php?rest_route=%2Fwp%2Fv2%2Fmedia&parent=146"}],"curies":[{"name":"wp","href":"https:\/\/api.w.org\/{rel}","templated":true}]}}